{"id":3861,"date":"2022-06-10T08:48:29","date_gmt":"2022-06-10T08:48:29","guid":{"rendered":"https:\/\/www.softworks.com\/?page_id=3861"},"modified":"2026-02-04T16:54:33","modified_gmt":"2026-02-04T16:54:33","slug":"dichiarazione-sulla-politica-ambientale","status":"publish","type":"page","link":"https:\/\/www.softworks.com\/it\/dichiarazione-sulla-politica-ambientale\/","title":{"rendered":"Dichiarazione sulla politica ambientale"},"content":{"rendered":"[vc_row type=&#8221;full_width_content&#8221; full_screen_row_position=&#8221;middle&#8221; column_margin=&#8221;default&#8221; column_direction=&#8221;default&#8221; column_direction_tablet=&#8221;default&#8221; column_direction_phone=&#8221;default&#8221; scene_position=&#8221;center&#8221; text_color=&#8221;dark&#8221; text_align=&#8221;left&#8221; row_border_radius=&#8221;none&#8221; row_border_radius_applies=&#8221;bg&#8221; row_position_desktop=&#8221;default&#8221; row_position_tablet=&#8221;inherit&#8221; row_position_phone=&#8221;inherit&#8221; overflow=&#8221;visible&#8221; overlay_strength=&#8221;0.3&#8243; gradient_direction=&#8221;left_to_right&#8221; shape_divider_position=&#8221;bottom&#8221; bg_image_animation=&#8221;none&#8221; gradient_type=&#8221;default&#8221; shape_type=&#8221;&#8221;][vc_column column_padding=&#8221;no-extra-padding&#8221; column_padding_tablet=&#8221;inherit&#8221; column_padding_phone=&#8221;inherit&#8221; column_padding_position=&#8221;all&#8221; flex_gap_desktop=&#8221;10px&#8221; column_element_direction_desktop=&#8221;default&#8221; column_element_spacing=&#8221;default&#8221; desktop_text_alignment=&#8221;default&#8221; tablet_text_alignment=&#8221;default&#8221; phone_text_alignment=&#8221;default&#8221; background_color_opacity=&#8221;1&#8243; background_hover_color_opacity=&#8221;1&#8243; column_backdrop_filter=&#8221;none&#8221; column_shadow=&#8221;none&#8221; column_border_radius=&#8221;none&#8221; column_link_target=&#8221;_self&#8221; column_position=&#8221;default&#8221; gradient_direction=&#8221;left_to_right&#8221; overlay_strength=&#8221;0.3&#8243; width=&#8221;1\/1&#8243; tablet_width_inherit=&#8221;default&#8221; animation_type=&#8221;default&#8221; bg_image_animation=&#8221;none&#8221; border_type=&#8221;simple&#8221; column_border_width=&#8221;none&#8221; column_border_style=&#8221;solid&#8221;][image_with_animation image_url=&#8221;8486&#8243; image_size=&#8221;full&#8221; max_width=&#8221;100%&#8221; max_width_mobile=&#8221;default&#8221; animation_type=&#8221;entrance&#8221; animation=&#8221;None&#8221; animation_movement_type=&#8221;transform_y&#8221; hover_animation=&#8221;none&#8221; alignment=&#8221;&#8221; border_radius=&#8221;none&#8221; box_shadow=&#8221;none&#8221; image_loading=&#8221;default&#8221;][\/vc_column][\/vc_row][vc_row type=&#8221;in_container&#8221; full_screen_row_position=&#8221;middle&#8221; column_margin=&#8221;default&#8221; column_direction=&#8221;default&#8221; column_direction_tablet=&#8221;default&#8221; column_direction_phone=&#8221;default&#8221; scene_position=&#8221;center&#8221; top_padding=&#8221;1%&#8221; bottom_padding=&#8221;3%&#8221; text_color=&#8221;dark&#8221; text_align=&#8221;left&#8221; row_border_radius=&#8221;none&#8221; row_border_radius_applies=&#8221;bg&#8221; row_position_desktop=&#8221;default&#8221; row_position_tablet=&#8221;inherit&#8221; row_position_phone=&#8221;inherit&#8221; overflow=&#8221;visible&#8221; advanced_gradient_angle=&#8221;0&#8243; overlay_strength=&#8221;0.3&#8243; gradient_direction=&#8221;left_to_right&#8221; shape_divider_position=&#8221;bottom&#8221; bg_image_animation=&#8221;none&#8221; gradient_type=&#8221;default&#8221; shape_type=&#8221;&#8221;][vc_column column_padding=&#8221;no-extra-padding&#8221; column_padding_tablet=&#8221;inherit&#8221; column_padding_phone=&#8221;inherit&#8221; column_padding_position=&#8221;all&#8221; flex_gap_desktop=&#8221;10px&#8221; column_element_direction_desktop=&#8221;default&#8221; column_element_spacing=&#8221;default&#8221; desktop_text_alignment=&#8221;default&#8221; tablet_text_alignment=&#8221;default&#8221; phone_text_alignment=&#8221;default&#8221; background_color_opacity=&#8221;1&#8243; background_hover_color_opacity=&#8221;1&#8243; column_backdrop_filter=&#8221;none&#8221; column_shadow=&#8221;none&#8221; column_border_radius=&#8221;none&#8221; column_link_target=&#8221;_self&#8221; column_position=&#8221;default&#8221; advanced_gradient_angle=&#8221;0&#8243; gradient_direction=&#8221;left_to_right&#8221; overlay_strength=&#8221;0.3&#8243; width=&#8221;1\/1&#8243; tablet_width_inherit=&#8221;default&#8221; animation_type=&#8221;default&#8221; enable_animation=&#8221;true&#8221; animation=&#8221;fade-in-from-bottom&#8221; animation_easing=&#8221;default&#8221; bg_image_animation=&#8221;none&#8221; border_type=&#8221;simple&#8221; column_border_width=&#8221;none&#8221; column_border_style=&#8221;solid&#8221; gradient_type=&#8221;default&#8221;][vc_custom_heading text=&#8221;Dichiarazione sulla politica ambientale&#8221; font_container=&#8221;tag:h1|text_align:center&#8221; use_theme_fonts=&#8221;yes&#8221;][divider line_type=&#8221;No Line&#8221;][vc_column_text css=&#8221;&#8221; text_direction=&#8221;default&#8221;]\n<div class=\"wpb_text_column wpb_content_element \">\n<div class=\"wpb_wrapper\">\n<p>Softworks intende esercitare un\u2019influenza positiva sulla vita lavorativa degli utenti, della loro organizzazione e dei loro dipendenti. Consapevoli del fatto che le nostre attivit\u00e0 aziendali hanno un impatto sull&#8217;ambiente, ci impegniamo a limitare il pi\u00f9 possibile gli effetti negativi di queste nostre attivit\u00e0. Ci consideriamo un\u2019organizzazione etica e responsabile e, come tale, siamo molto attenti a gestire e migliorare le nostre prestazioni ambientali. Questo documento \u00e8 una dichiarazione della nostra politica ambientale.<\/p>\n<\/div>\n<\/div>\n<div class=\"vc_empty_space\"><\/div>\n<div class=\"wpb_text_column wpb_content_element \">\n<div class=\"wpb_wrapper\">\n<p>I nostri impegni:<\/p>\n<\/div>\n<\/div>\n<div class=\"wpb_text_column wpb_content_element vc_custom_1648038935013\">\n<div class=\"wpb_wrapper\">\n<ul>\n<li>Rispettare pienamente tutti i requisiti legali, i codici di condotta e le normative pertinenti<\/li>\n<li>Valutare l\u2019impatto delle nostre attivit\u00e0 sull\u2019ambiente e fare di tutto per limitarlo, perseguendo un uso sempre pi\u00f9 efficiente delle risorse attraverso la riduzione del consumo di energia e di acqua e dei rifiuti<\/li>\n<li>Promuovere la consapevolezza ambientale ed energetica dei nostri dipendenti attraverso meccanismi di partecipazione e formazione<\/li>\n<li>Collaborare con i nostri clienti per promuovere scelte pi\u00f9 attente all\u2019ambiente<\/li>\n<li>Monitorare i nostri progressi per garantire un costante miglioramento delle nostre prestazioni ambientali<\/li>\n<li>Comunicare la nostra politica alle parti interessate e alla pubblica opinione, collaborando con i nostri vicini alla riduzione dell\u2019impatto delle nostre attivit\u00e0<\/li>\n<\/ul>\n<\/div>\n<\/div>\n<div class=\"wpb_text_column wpb_content_element vc_custom_1648039323661\">\n<div class=\"wpb_wrapper\">\n<p><strong>Lavoro a distanza<\/strong><\/p>\n<\/div>\n<\/div>\n<div class=\"wpb_text_column wpb_content_element vc_custom_1648039212628\">\n<div class=\"wpb_wrapper\">\n<ul>\n<li>Abbiamo introdotto alcune modalit\u00e0 di lavoro da casa che porteranno una riduzione della nostra impronta ecologica.<\/li>\n<li>Privilegiando le riunioni a distanza rispetto alle visite di persona, contribuiremo a ridurre la nostra impronta ecologica.<\/li>\n<\/ul>\n<\/div>\n<\/div>\n<div class=\"wpb_text_column wpb_content_element vc_custom_1648039359771\">\n<div class=\"wpb_wrapper\">\n<p><strong>Energia<\/strong><\/p>\n<\/div>\n<\/div>\n<div class=\"wpb_text_column wpb_content_element vc_custom_1648039429731\">\n<div class=\"wpb_wrapper\">\n<ul>\n<li>Ridurre la nostra impronta ecologica nell\u2019ambito di una strategia per la gestione delle emissioni<\/li>\n<li>Ottimizzare l\u2019efficienza e la conservazione energetica in tutte le nostre attivit\u00e0<\/li>\n<li>Controllare e gestire l\u2019efficienza energetica nelle nostre attivit\u00e0 aziendali e promuovere l\u2019efficienza energetica<\/li>\n<li>Ridurre l\u2019impatto dei trasporti nelle nostre attivit\u00e0 aziendali<\/li>\n<\/ul>\n<\/div>\n<\/div>\n<div class=\"wpb_text_column wpb_content_element vc_custom_1648039464627\">\n<div class=\"wpb_wrapper\">\n<p><strong>Rifiuti<\/strong><\/p>\n<\/div>\n<\/div>\n<div class=\"wpb_text_column wpb_content_element vc_custom_1648039493673\">\n<div class=\"wpb_wrapper\">\n<ul>\n<li>Promuovere attivamente la riduzione, il riuso e il riciclo, sia internamente che tra i nostri fornitori e clienti<\/li>\n<li>Ridurre gli imballaggi di tutti i nostri prodotti hardware, laddove possibile<\/li>\n<li>Limitare la produzione di rifiuti, applicando le opzioni per il riuso e il riciclo, laddove possibile<\/li>\n<li>Limitare la produzione di rifiuti e l\u2019utilizzo di risorse non strettamente necessarie durante le fasi di pianificazione, progettazione e gestione delle attivit\u00e0 aziendali, sia nuove che esistenti<\/li>\n<\/ul>\n<\/div>\n<\/div>\n<div class=\"wpb_text_column wpb_content_element vc_custom_1648039524595\">\n<div class=\"wpb_wrapper\">\n<p><strong>Miglioramento costante<\/strong><\/p>\n<\/div>\n<\/div>\n<div class=\"wpb_text_column wpb_content_element vc_custom_1648039593852\">\n<div class=\"wpb_wrapper\">\n<ul>\n<li>Fissare obiettivi specifici per il miglioramento, monitorare i nostri progressi e comunicare i risultati internamente<\/li>\n<li>Sviluppare obiettivi specifici per migliorare costantemente le nostre prestazioni ambientali<\/li>\n<li>Fissare obiettivi e traguardi per il miglioramento costante. Misurare e rivedere regolarmente le nostre prestazioni comunicando i risultati<\/li>\n<li>Miglioramento costante delle prestazioni, per limitare l\u2019impatto ambientale delle nostre attivit\u00e0 aziendali<\/li>\n<li>Incoraggiare un miglioramento costante definendo, monitorando e rivedendo i nostri obiettivi e traguardi ambientali<\/li>\n<\/ul>\n<\/div>\n<\/div>\n<div class=\"wpb_text_column wpb_content_element vc_custom_1648039659632\">\n<div class=\"wpb_wrapper\">\n<p><strong>Fornitori<\/strong><\/p>\n<\/div>\n<\/div>\n<div class=\"wpb_text_column wpb_content_element vc_custom_1648039688869\">\n<div class=\"wpb_wrapper\">\n<ul>\n<li>Scegliere fornitori e appaltatori che si impegnino a seguire le migliori pratiche ambientali, adottando questa politica di approvvigionamento per la nostra azienda<\/li>\n<li>Acquistare prodotti e servizi che abbiano il minor impatto ambientale possibile, laddove possibile<\/li>\n<li>Stimolare i fornitori e gli appaltatori a implementare sistemi ambientali sostenibili<\/li>\n<li>Scegliere materiali, accessori e allestimenti provenienti da fonti sostenibili<\/li>\n<\/ul>\n<\/div>\n<\/div>\n<div class=\"wpb_text_column wpb_content_element vc_custom_1648039738423\">\n<div class=\"wpb_wrapper\">\n<p><strong>Consapevolezza\/formazione<\/strong><\/p>\n<\/div>\n<\/div>\n<div class=\"wpb_text_column wpb_content_element vc_custom_1648039775616\">\n<div class=\"wpb_wrapper\">\n<ul>\n<li>Promuovere la consapevolezza ambientale tra i nostri dipendenti, attraverso appositi programmi di comunicazione e formazione<\/li>\n<li>Promuovere la consapevolezza ambientale in tutte le nostre attivit\u00e0 aziendali<\/li>\n<li>Verificare che tutti i dipendenti conoscano la nostra politica ambientale e si uniformino ai suoi standard<\/li>\n<li>Assicurare la formazione continua di tutto il personale, su tutte le tematiche ambientali<\/li>\n<li>Informare e motivare tutto il personale, esortandolo a svolgere un ruolo attivo per il rispetto della nostra politica ambientale.<\/li>\n<\/ul>\n<\/div>\n<\/div>\n[\/vc_column_text][\/vc_column][\/vc_row]\n","protected":false},"excerpt":{"rendered":"<p>[vc_row type=&#8221;full_width_content&#8221; full_screen_row_position=&#8221;middle&#8221; column_margin=&#8221;default&#8221; column_direction=&#8221;default&#8221; column_direction_tablet=&#8221;default&#8221; column_direction_phone=&#8221;default&#8221; scene_position=&#8221;center&#8221; text_color=&#8221;dark&#8221; text_align=&#8221;left&#8221; row_border_radius=&#8221;none&#8221; row_border_radius_applies=&#8221;bg&#8221; row_position_desktop=&#8221;default&#8221; row_position_tablet=&#8221;inherit&#8221; row_position_phone=&#8221;inherit&#8221; overflow=&#8221;visible&#8221; overlay_strength=&#8221;0.3&#8243; gradient_direction=&#8221;left_to_right&#8221; shape_divider_position=&#8221;bottom&#8221; bg_image_animation=&#8221;none&#8221;&#8230;<\/p>\n","protected":false},"author":3,"featured_media":0,"parent":0,"menu_order":0,"comment_status":"closed","ping_status":"closed","template":"","meta":{"content-type":"","om_disable_all_campaigns":false,"footnotes":""},"class_list":["post-3861","page","type-page","status-publish"],"_links":{"self":[{"href":"https:\/\/www.softworks.com\/it\/wp-json\/wp\/v2\/pages\/3861","targetHints":{"allow":["GET"]}}],"collection":[{"href":"https:\/\/www.softworks.com\/it\/wp-json\/wp\/v2\/pages"}],"about":[{"href":"https:\/\/www.softworks.com\/it\/wp-json\/wp\/v2\/types\/page"}],"author":[{"embeddable":true,"href":"https:\/\/www.softworks.com\/it\/wp-json\/wp\/v2\/users\/3"}],"replies":[{"embeddable":true,"href":"https:\/\/www.softworks.com\/it\/wp-json\/wp\/v2\/comments?post=3861"}],"version-history":[{"count":0,"href":"https:\/\/www.softworks.com\/it\/wp-json\/wp\/v2\/pages\/3861\/revisions"}],"wp:attachment":[{"href":"https:\/\/www.softworks.com\/it\/wp-json\/wp\/v2\/media?parent=3861"}],"curies":[{"name":"wp","href":"https:\/\/api.w.org\/{rel}","templated":true}]}}