{"id":1676,"date":"2022-06-01T11:44:04","date_gmt":"2022-06-01T11:44:04","guid":{"rendered":"https:\/\/www.softworks.com\/privacy-policy\/"},"modified":"2022-07-04T13:56:42","modified_gmt":"2022-07-04T13:56:42","slug":"informativa-sulla-privacy","status":"publish","type":"page","link":"https:\/\/www.softworks.com\/it\/informativa-sulla-privacy\/","title":{"rendered":"Informativa sulla privacy"},"content":{"rendered":"[vc_row type=&#8221;full_width&#8221; full_screen_row_position=&#8221;middle&#8221; column_margin=&#8221;default&#8221; column_direction=&#8221;default&#8221; column_direction_tablet=&#8221;default&#8221; column_direction_phone=&#8221;default&#8221; scene_position=&#8221;center&#8221; text_color=&#8221;dark&#8221; text_align=&#8221;left&#8221; row_border_radius=&#8221;none&#8221; row_border_radius_applies=&#8221;bg&#8221; overflow=&#8221;visible&#8221; overlay_strength=&#8221;0.3&#8243; gradient_direction=&#8221;left_to_right&#8221; shape_divider_position=&#8221;bottom&#8221; bg_image_animation=&#8221;none&#8221; css_animation=&#8221;&#8221; row_type=&#8221;row&#8221; use_row_as_full_screen_section=&#8221;no&#8221; angled_section=&#8221;no&#8221; background_image_as_pattern=&#8221;without_pattern&#8221;][vc_column column_padding=&#8221;no-extra-padding&#8221; column_padding_tablet=&#8221;inherit&#8221; column_padding_phone=&#8221;inherit&#8221; column_padding_position=&#8221;all&#8221; column_element_spacing=&#8221;default&#8221; background_color_opacity=&#8221;1&#8243; background_hover_color_opacity=&#8221;1&#8243; column_shadow=&#8221;none&#8221; column_border_radius=&#8221;none&#8221; column_link_target=&#8221;_self&#8221; column_position=&#8221;default&#8221; gradient_direction=&#8221;left_to_right&#8221; overlay_strength=&#8221;0.3&#8243; width=&#8221;1\/1&#8243; tablet_width_inherit=&#8221;default&#8221; tablet_text_alignment=&#8221;default&#8221; phone_text_alignment=&#8221;default&#8221; animation_type=&#8221;default&#8221; bg_image_animation=&#8221;none&#8221; border_type=&#8221;simple&#8221; column_border_width=&#8221;none&#8221; column_border_style=&#8221;solid&#8221;][vc_column_text]\n<h1 style=\"text-align: center;\">Informativa sulla privacy<\/h1>\n[\/vc_column_text][vc_column_text css=&#8221;.vc_custom_1656942544364{padding-bottom: 25px !important;}&#8221;]\n<p style=\"text-align: center; color: #959595; font-size: 18px;\">Softworks rispetta il vostro diritto alla privacy.<\/p>\n[\/vc_column_text][\/vc_column][\/vc_row][vc_row type=&#8221;full_width&#8221; full_screen_row_position=&#8221;middle&#8221; column_margin=&#8221;default&#8221; column_direction=&#8221;default&#8221; column_direction_tablet=&#8221;default&#8221; column_direction_phone=&#8221;default&#8221; scene_position=&#8221;center&#8221; text_color=&#8221;dark&#8221; text_align=&#8221;left&#8221; row_border_radius=&#8221;none&#8221; row_border_radius_applies=&#8221;bg&#8221; overflow=&#8221;visible&#8221; overlay_strength=&#8221;0.3&#8243; gradient_direction=&#8221;left_to_right&#8221; shape_divider_position=&#8221;bottom&#8221; bg_image_animation=&#8221;none&#8221; css_animation=&#8221;&#8221; row_type=&#8221;row&#8221; use_row_as_full_screen_section=&#8221;no&#8221; angled_section=&#8221;no&#8221; background_image_as_pattern=&#8221;without_pattern&#8221;][vc_column column_padding=&#8221;no-extra-padding&#8221; column_padding_tablet=&#8221;inherit&#8221; column_padding_phone=&#8221;inherit&#8221; column_padding_position=&#8221;all&#8221; column_element_spacing=&#8221;default&#8221; background_color_opacity=&#8221;1&#8243; background_hover_color_opacity=&#8221;1&#8243; column_shadow=&#8221;none&#8221; column_border_radius=&#8221;none&#8221; column_link_target=&#8221;_self&#8221; column_position=&#8221;default&#8221; gradient_direction=&#8221;left_to_right&#8221; overlay_strength=&#8221;0.3&#8243; width=&#8221;1\/1&#8243; tablet_width_inherit=&#8221;default&#8221; tablet_text_alignment=&#8221;default&#8221; phone_text_alignment=&#8221;default&#8221; animation_type=&#8221;default&#8221; bg_image_animation=&#8221;none&#8221; border_type=&#8221;simple&#8221; column_border_width=&#8221;none&#8221; column_border_style=&#8221;solid&#8221;][vc_column_text css=&#8221;.vc_custom_1656942552860{padding-top: 20px !important;padding-right: 50px !important;padding-bottom: 0px !important;background-color: #ffffff !important;}&#8221;]\n<h4>Introduzione<\/h4>\n[\/vc_column_text][vc_column_text css=&#8221;.vc_custom_1656942563728{padding-top: 20px !important;padding-right: 50px !important;padding-bottom: 0px !important;background-color: #ffffff !important;}&#8221;]\n<ul>\n<li>Softworks e i dipendenti Softworks hanno la responsabilit\u00e0 implicita di proteggere il patrimonio di informazioni fisiche dell\u2019azienda, oltre ai dati confidenziali dei clienti e al capitale intellettuale di propriet\u00e0 dell\u2019azienda. Questi patrimoni critici devono essere salvaguardati per mitigare i potenziali impatti su Softworks e sui clienti di Softworks. La Sicurezza Informatica \u00e8 dunque, per Softworks, una funzione aziendale essenziale, e fa parte integrante di tutte le pratiche commerciali e le operazioni di Softworks.<\/li>\n<li>In questo documento sono descritte dettagliatamente le informazioni che Softworks raccoglie nell\u2019ambito del ruolo di responsabile del trattamento dei dati per clienti potenziali ed esistenti.<\/li>\n<li>Questo avviso riguarda il sito web Softworks \/ le soluzioni hosted di Softworks \/ le soluzioni in sede di Softworks.<\/li>\n<\/ul>\n<p>Per eventuali domande sulla presente informativa, potete contattare\u00a0<a href=\"mailto:swgdpr@softworks.com\" target=\"_blank\" rel=\"noopener noreferrer\">swgdpr@softworks.com<\/a>[\/vc_column_text][\/vc_column][\/vc_row][vc_row type=&#8221;full_width&#8221; full_screen_row_position=&#8221;middle&#8221; column_margin=&#8221;default&#8221; column_direction=&#8221;default&#8221; column_direction_tablet=&#8221;default&#8221; column_direction_phone=&#8221;default&#8221; scene_position=&#8221;center&#8221; text_color=&#8221;dark&#8221; text_align=&#8221;left&#8221; row_border_radius=&#8221;none&#8221; row_border_radius_applies=&#8221;bg&#8221; overflow=&#8221;visible&#8221; overlay_strength=&#8221;0.3&#8243; gradient_direction=&#8221;left_to_right&#8221; shape_divider_position=&#8221;bottom&#8221; bg_image_animation=&#8221;none&#8221; css_animation=&#8221;&#8221; row_type=&#8221;row&#8221; use_row_as_full_screen_section=&#8221;no&#8221; angled_section=&#8221;no&#8221; background_image_as_pattern=&#8221;without_pattern&#8221;][vc_column column_padding=&#8221;no-extra-padding&#8221; column_padding_tablet=&#8221;inherit&#8221; column_padding_phone=&#8221;inherit&#8221; column_padding_position=&#8221;all&#8221; column_element_spacing=&#8221;default&#8221; background_color_opacity=&#8221;1&#8243; background_hover_color_opacity=&#8221;1&#8243; column_shadow=&#8221;none&#8221; column_border_radius=&#8221;none&#8221; column_link_target=&#8221;_self&#8221; column_position=&#8221;default&#8221; gradient_direction=&#8221;left_to_right&#8221; overlay_strength=&#8221;0.3&#8243; width=&#8221;1\/1&#8243; tablet_width_inherit=&#8221;default&#8221; tablet_text_alignment=&#8221;default&#8221; phone_text_alignment=&#8221;default&#8221; animation_type=&#8221;default&#8221; bg_image_animation=&#8221;none&#8221; border_type=&#8221;simple&#8221; column_border_width=&#8221;none&#8221; column_border_style=&#8221;solid&#8221;][vc_column_text css=&#8221;.vc_custom_1566900395687{padding-top: 20px !important;padding-right: 50px !important;padding-bottom: 0px !important;background-color: #ffffff !important;}&#8221;]\n<h4 style=\"margin-bottom: 0px; margin-top: 20px;\">Informazioni su Softworks<\/h4>\n[\/vc_column_text][vc_column_text css=&#8221;.vc_custom_1656942583107{padding-top: 20px !important;padding-right: 50px !important;padding-bottom: 0px !important;background-color: #ffffff !important;}&#8221;]Softworks aiuta le aziende a snellire i processi, aumentare la produttivit\u00e0 e ridurre i costi attraverso una migliore gestione, programmazione e utilizzazione della manodopera. Softworks offre soluzioni affidabili, facili da usare e intuitive per funzioni quali la rilevazione delle presenze, il tempo flessibile, la programmazione del personale\/i turni di lavoro, la gestione delle risorse umane e delle assenze, garantendo alle organizzazioni pubbliche e private la conformit\u00e0, riducendo gli errori, eliminando le ridondanze e migliorando la comunicazione e, contestualmente, promuovendo un ambiente di lavoro sicuro e positivo per tutti i dipendenti.[\/vc_column_text][vc_column_text css=&#8221;.vc_custom_1656942591151{padding-top: 20px !important;padding-right: 50px !important;padding-bottom: 0px !important;background-color: #ffffff !important;}&#8221;]\n<h4>Quali dati raccogliamo?<\/h4>\n[\/vc_column_text][vc_column_text css=&#8221;.vc_custom_1656942608037{padding-top: 20px !important;padding-right: 50px !important;padding-bottom: 0px !important;background-color: #ffffff !important;}&#8221;]\n<ul>\n<li>Il sito web Softworks raccoglie i dati quando i visitatori accedono a determinate aree, come l\u2019area Clienti, la Chat, i White Paper o le brochure ecc. Softworks \u00e8 il titolare del trattamento di questi dati.<\/li>\n<li>Softworks si avvale di uno strumento sviluppato da soggetti terzi, denominato Hubspot, per raccogliere alcune informazioni di marketing, tra cui nome dell\u2019utente, ragione sociale dell\u2019organizzazione, mansione lavorativa, indirizzo e-mail e numero di telefono. Softworks non condivide queste informazioni al di fuori dei team Marketing e Vendite di Softworks.<\/li>\n<li>Le soluzioni Softworks per la gestione del personale non raccolgono alcun dato per Softworks: tutti i dati raccolti in un sistema Softworks sono del e per il cliente e i suoi dipendenti. In quanto destinatario dei dati, il cliente ne mantiene il controllo come soggetto titolare del trattamento dei dati, mentre Softworks \u00e8 il soggetto incaricato del trattamento dei dati per conto del cliente.<\/li>\n<li>Nel suo ruolo di soggetto incaricato del trattamento dei dati per il cliente, Softworks adotta le seguenti procedure: ove possibile, i dati del cliente vengono resi anonimi per garantire l\u2019anonimato dei soggetti. Se i dati sono stati forniti per un\u2019attivit\u00e0 specifica, la loro ricezione viene registrata e i dati vengono conservati in un luogo sicuro. L\u2019accesso si basa sul principio di privilegio minimo e, una volta completata l\u2019attivit\u00e0, viene distrutto in modo sicuro.<\/li>\n<\/ul>\n[\/vc_column_text][vc_column_text css=&#8221;.vc_custom_1656942620119{padding-top: 20px !important;padding-right: 50px !important;padding-bottom: 0px !important;background-color: #ffffff !important;}&#8221;]\n<h4>Come usiamo i dati personali?<\/h4>\n[\/vc_column_text][vc_column_text css=&#8221;.vc_custom_1656942629656{padding-top: 20px !important;padding-right: 50px !important;padding-bottom: 0px !important;background-color: #ffffff !important;}&#8221;]\n<ul>\n<li>Configurazione e amministrazione degli account<\/li>\n<li>Comunicazioni di marketing ed eventi<\/li>\n<li>Offerta di soluzioni per la gestione del personale<\/li>\n<li>Rispetto dei requisiti di controllo interno<\/li>\n<\/ul>\n[\/vc_column_text][vc_column_text css=&#8221;.vc_custom_1656942646438{padding-top: 20px !important;padding-right: 50px !important;padding-bottom: 0px !important;background-color: #ffffff !important;}&#8221;]\n<h4>Quali sono le basi giuridiche per il trattamento dei dati personali?<\/h4>\n[\/vc_column_text][vc_column_text css=&#8221;.vc_custom_1656942658753{padding-top: 20px !important;padding-right: 50px !important;padding-bottom: 0px !important;background-color: #ffffff !important;}&#8221;]\n<ul>\n<li>Per contratto: nel caso in cui Softworks sia il soggetto incaricato del trattamento dei dati per conto di un cliente, i servizi vengono erogati su base contrattuale allo scopo di fornire una soluzione all\u2019azienda cliente e ai suoi dipendenti.<\/li>\n<li>Per legittimo interesse: nel caso in cui un cliente o un potenziale cliente riceva informazioni di marketing, tali informazioni vengono inviate sulla base di un legittimo interesse. Per l\u2019eventuale disdetta, \u00e8 possibile inviare una richiesta tramite e-mail a\u00a0<a href=\"mailto:marketing@softworks.com\">marketing@softworks.com<\/a>. La disdetta pu\u00f2 essere richiesta anche facendo clic sul collegamento \u201cunsubscribe\u201d in fondo a tutte le e-mail di marketing.<\/li>\n<\/ul>\n[\/vc_column_text][vc_column_text css=&#8221;.vc_custom_1656942668872{padding-top: 20px !important;padding-right: 50px !important;padding-bottom: 0px !important;background-color: #ffffff !important;}&#8221;]\n<div class=\"wpb_text_column wpb_content_element vc_custom_1566900569379\">\n<div class=\"wpb_wrapper\">\n<h4>Quando condividiamo i dati personali?<\/h4>\n<\/div>\n<\/div>\n[\/vc_column_text][vc_column_text css=&#8221;.vc_custom_1656942680333{padding-top: 20px !important;padding-right: 50px !important;padding-bottom: 0px !important;background-color: #ffffff !important;}&#8221;]Softworks garantisce che i dati forniti dai clienti saranno trattati privatamente tra Softworks e il soggetto interessato. Non verranno condivisi con soggetti terzi, se non nella misura in cui rendono possibile l\u2019erogazione dei nostri servizi.[\/vc_column_text][vc_column_text css=&#8221;.vc_custom_1656942691117{padding-top: 20px !important;padding-right: 50px !important;padding-bottom: 0px !important;background-color: #ffffff !important;}&#8221;]\n<ul>\n<li>I dati personali raccolti attraverso il sito web Softworks non vengono condivisi con soggetti terzi, tranne nel caso di servizi usati per consentire la comunicazione tra noi e il soggetto interessato, ad esempio per mailing tramite Hubspot. Tutti i soggetti terzi usati da Softworks sono sottoposti a controlli e approvazione preventiva e adempiono al Regolamento Generale sulla Protezione dei Dati (RGPD).<\/li>\n<li>Per garantire la protezione dei dati, Softworks usa tecnologie e processi sicuri, come la crittografia, l\u2019anonimizzazione, i protocolli SSL e FTPS.<\/li>\n<\/ul>\n[\/vc_column_text][\/vc_column][\/vc_row][vc_row type=&#8221;in_container&#8221; full_screen_row_position=&#8221;middle&#8221; column_margin=&#8221;default&#8221; column_direction=&#8221;default&#8221; column_direction_tablet=&#8221;default&#8221; column_direction_phone=&#8221;default&#8221; scene_position=&#8221;center&#8221; bottom_padding=&#8221;80px&#8221; text_color=&#8221;dark&#8221; text_align=&#8221;left&#8221; row_border_radius=&#8221;none&#8221; row_border_radius_applies=&#8221;bg&#8221; overflow=&#8221;visible&#8221; advanced_gradient_angle=&#8221;0&#8243; overlay_strength=&#8221;0.3&#8243; gradient_direction=&#8221;left_to_right&#8221; shape_divider_position=&#8221;bottom&#8221; bg_image_animation=&#8221;none&#8221; css_animation=&#8221;&#8221; row_type=&#8221;row&#8221; use_row_as_full_screen_section=&#8221;no&#8221; angled_section=&#8221;no&#8221; background_image_as_pattern=&#8221;without_pattern&#8221; gradient_type=&#8221;default&#8221; shape_type=&#8221;&#8221;][vc_column column_padding=&#8221;no-extra-padding&#8221; column_padding_tablet=&#8221;inherit&#8221; column_padding_phone=&#8221;inherit&#8221; column_padding_position=&#8221;all&#8221; column_element_spacing=&#8221;default&#8221; background_color_opacity=&#8221;1&#8243; background_hover_color_opacity=&#8221;1&#8243; column_shadow=&#8221;none&#8221; column_border_radius=&#8221;none&#8221; column_link_target=&#8221;_self&#8221; column_position=&#8221;default&#8221; gradient_direction=&#8221;left_to_right&#8221; overlay_strength=&#8221;0.3&#8243; width=&#8221;1\/1&#8243; tablet_width_inherit=&#8221;default&#8221; tablet_text_alignment=&#8221;default&#8221; phone_text_alignment=&#8221;default&#8221; animation_type=&#8221;default&#8221; bg_image_animation=&#8221;none&#8221; border_type=&#8221;simple&#8221; column_border_width=&#8221;none&#8221; column_border_style=&#8221;solid&#8221;][vc_column_text css=&#8221;.vc_custom_1656942726539{padding-top: 20px !important;padding-right: 50px !important;padding-bottom: 0px !important;background-color: #ffffff !important;}&#8221;]\n<div class=\"wpb_text_column wpb_content_element vc_custom_1566900651570\">\n<div class=\"wpb_wrapper\">\n<h4>Dove vengono trattati e conservati i dati?<\/h4>\n<\/div>\n<\/div>\n[\/vc_column_text][vc_column_text css=&#8221;.vc_custom_1656942755565{padding-top: 20px !important;padding-right: 50px !important;padding-bottom: 0px !important;background-color: #ffffff !important;}&#8221;]Softworks garantisce che tutti i dati forniti dai clienti vengono trattati e conservati entro i confini dello Spazio Economico Europeo (SEE).<\/p>\n<p>Laddove il reparto marketing di Softworks dovesse usare il software Hubspot, di propriet\u00e0 di un soggetto terzo, si applica lo scudo UE-USA per la privacy. Per maggiori dettagli, visitare\u00a0<a href=\"https:\/\/legal.hubspot.com\/dpa\" target=\"_blank\" rel=\"noopener\">https:\/\/legal.hubspot.com\/dpa<\/a>[\/vc_column_text][vc_column_text css=&#8221;.vc_custom_1656942768807{padding-top: 20px !important;padding-right: 50px !important;padding-bottom: 0px !important;background-color: #ffffff !important;}&#8221;]\n<h4>Come proteggiamo i dati personali?<\/h4>\n[\/vc_column_text][vc_column_text css=&#8221;.vc_custom_1656942780844{padding-top: 20px !important;padding-right: 50px !important;padding-bottom: 0px !important;background-color: #ffffff !important;}&#8221;]Softworks segue due regole in relazione al regolamento RGPD: protezione dei dati Softworks e sicurezza dei dati Softworks. In queste regole sono descritte le modalit\u00e0 con cui i dipendenti Softworks interagiscono sia con Softworks, sia con i dati dei clienti Softworks. La metodologia che seguiamo si basa sul principio di privilegio minimo.[\/vc_column_text][vc_column_text css=&#8221;.vc_custom_1656942789309{padding-top: 20px !important;padding-right: 50px !important;padding-bottom: 0px !important;background-color: #ffffff !important;}&#8221;]\n<ul>\n<li>Procedure di acquisizione per la tracciabilit\u00e0, l\u2019accesso e la distruzione di tutti i dati ricevuti da Softworks.<\/li>\n<li>Softworks usa i firewall Watchguard e Cisco su tutti i limiti di rete. Softworks usa un programma antivirus su tutti i dispositivi Softworks. Softworks testa ogni anno la penetrazione dell\u2019infrastruttura e delle applicazioni software, oltre ad eseguire scansioni settimanali della vulnerabilit\u00e0 dei dispositivi connessi a Internet.<\/li>\n<li>L\u2019accesso ai dati \u00e8 gestito tramite Active Directory, per garantire che sia riservato ai soli utenti autorizzati.<\/li>\n<li>Nella fase di implementazione delle modifiche dei processi o dell\u2019aggiunta di nuovi processi, Softworks svolge alcune valutazioni d\u2019impatto sulla privacy.<\/li>\n<li>Il team Formazione di Softworks si occupa dell\u2019aggiornamento professionale di tutto il personale Softworks ai fini dello svolgimento delle mansioni e delle responsabilit\u00e0 previste dal regolamento RGPD.<\/li>\n<li>Softworks gestisce i rischi di terze parti tramite l\u2019uso di contratti e verifiche della sicurezza.<\/li>\n<\/ul>\n[\/vc_column_text][vc_column_text css=&#8221;.vc_custom_1656942799017{padding-top: 20px !important;padding-right: 50px !important;padding-bottom: 0px !important;background-color: #ffffff !important;}&#8221;]\n<div class=\"wpb_text_column wpb_content_element vc_custom_1566900706428\">\n<div class=\"wpb_wrapper\">\n<h4>Per quanto tempo conserviamo i dati personali?<\/h4>\n<\/div>\n<\/div>\n[\/vc_column_text][vc_column_text css=&#8221;.vc_custom_1656942812488{padding-top: 20px !important;padding-right: 50px !important;padding-bottom: 0px !important;background-color: #ffffff !important;}&#8221;]Le informazioni raccolte dal sito web Softworks saranno conservate per tutta la durata dell\u2019attivit\u00e0 per la quale sono state fornite. Le soluzioni hosted di Softworks conserveranno i dati del cliente per tutta la durata del contratto tra il cliente e Softworks. Quando i dati del cliente vengono forniti direttamente a Softworks per l\u2019implementazione o il supporto di un sistema, tali dati saranno conservati per la finalit\u00e0 prevista e successivamente anonimizzati o distrutti.[\/vc_column_text][vc_column_text css=&#8221;.vc_custom_1656942825331{padding-top: 20px !important;padding-right: 50px !important;padding-bottom: 0px !important;background-color: #ffffff !important;}&#8221;]\n<h4>I vostri diritti rispetto ai dati personali<\/h4>\n[\/vc_column_text][vc_column_text css=&#8221;.vc_custom_1656942833434{padding-top: 20px !important;padding-right: 50px !important;padding-bottom: 0px !important;background-color: #ffffff !important;}&#8221;]Quando le informazioni vengono raccolte tramite il sito web Softworks e Softworks \u00e8 il soggetto titolare del trattamento dei dati, il soggetto interessato gode dei seguenti diritti e pu\u00f2 esercitarli scrivendo all\u2019indirizzo e-mail\u00a0<a href=\"mailto:marketing@softworks.com\">marketing@softworks.com<\/a>[\/vc_column_text][vc_column_text css=&#8221;.vc_custom_1656942851523{padding-top: 20px !important;padding-right: 50px !important;padding-bottom: 0px !important;background-color: #ffffff !important;}&#8221;]\n<ul>\n<li>Accesso ai dati personali conservati da Softworks.<\/li>\n<li>Rettifica e cancellazione di questi dati.<\/li>\n<li>Revoca del consenso.<\/li>\n<li>Softworks si impegna a fornire i dati conservati da Softworks, se cos\u00ec richiesto dal soggetto interessato, sulla base della portabilit\u00e0 dei dati e della limitazione e obiezione al trattamento dei dati. Nei casi in cui Softworks \u00e8 il soggetto incaricato del trattamento dei dati per conto del titolare del trattamento dei dati, Softworks inviter\u00e0 il soggetto interessato a rivolgersi al titolare del trattamento dei dati.<\/li>\n<li>Presentazione di un ricorso presso la Commissione\/l\u2019ICO (Information Commissioner\u2019s Office) se si verifica una situazione suscettibile di denuncia.<\/li>\n<\/ul>\n[\/vc_column_text][vc_column_text css=&#8221;.vc_custom_1656942872680{padding-top: 20px !important;padding-right: 50px !important;padding-bottom: 0px !important;background-color: #ffffff !important;}&#8221;]Quando i dati personali vengono raccolti da un cliente di Softworks per una soluzione in sede o una soluzione hosted di Softworks, Softworks inviter\u00e0 il soggetto interessato a contattare il responsabile dell\u2019organizzazione titolare del trattamento dei dati, cos\u00ec come previsto nel nostro contratto RGPD, o nell\u2019appendice al contratto tra il titolare e l\u2019incaricato del trattamento dei dati.<\/p>\n<p>In questo caso, i soggetti interessati devono scrivere all\u2019indirizzo e-mail\u00a0<a href=\"mailto:swdgpr@softworks.com\">swdgpr@softworks.com<\/a>\u00a0e richiedere assistenza.<\/p>\n<p>Quando Softworks deve verificare l\u2019identit\u00e0 di un soggetto interessato, potrebbe essere richiesto a tale soggetto di inviare un\u2019e-mail dall\u2019indirizzo registrato sul sito web Softworks.[\/vc_column_text][vc_column_text css=&#8221;.vc_custom_1656942881126{padding-top: 20px !important;padding-right: 50px !important;padding-bottom: 0px !important;background-color: #ffffff !important;}&#8221;]\n<div class=\"wpb_text_column wpb_content_element vc_custom_1566900777800\">\n<div class=\"wpb_wrapper\">\n<h4>Uso dei cookie e di altre tecnologie<\/h4>\n<\/div>\n<\/div>\n[\/vc_column_text][vc_column_text css=&#8221;.vc_custom_1656942892280{padding-top: 20px !important;padding-right: 50px !important;padding-bottom: 0px !important;background-color: #ffffff !important;}&#8221;]Softworks usa i cookie e tecnologie simili per la personalizzazione del contenuto. Nella nostra Informativa sui cookie spieghiamo cosa sono i cookie, come vengono usati e quali sono le opzioni a vostra disposizione. Vi spieghiamo anche come modificare o limitare l\u2019uso dei cookie nel vostro dispositivo. Per maggiori informazioni, leggete la nostra\u00a0<a href=\"https:\/\/www.softworks.com\/it\/informativa-sui-cookie\/\">Informativa sui cookie<\/a>.[\/vc_column_text][vc_column_text css=&#8221;.vc_custom_1656942902762{padding-top: 20px !important;padding-right: 50px !important;padding-bottom: 0px !important;background-color: #ffffff !important;}&#8221;]\n<h4>Collegamenti ad altri siti web\/contenuti di soggetti terzi<\/h4>\n[\/vc_column_text][vc_column_text css=&#8221;.vc_custom_1656942909899{padding-top: 20px !important;padding-right: 50px !important;padding-bottom: 0px !important;background-color: #ffffff !important;}&#8221;]Softworks declina qualsiasi responsabilit\u00e0 relativamente ai contenuti dei siti web a cui rimanda o che rimandano al sito web Softworks.[\/vc_column_text][vc_column_text css=&#8221;.vc_custom_1656942916657{padding-top: 20px !important;padding-right: 50px !important;padding-bottom: 0px !important;background-color: #ffffff !important;}&#8221;]\n<h4>Contatti<\/h4>\n[\/vc_column_text][vc_column_text css=&#8221;.vc_custom_1656942925817{padding-top: 20px !important;padding-right: 50px !important;padding-bottom: 0px !important;background-color: #ffffff !important;}&#8221;]Per contattare Softworks per una delle questioni descritte, procedere come segue.<\/p>\n<p>Sito web Softworks:<br \/>\nTeam Marketing di Softworks\u00a0<a href=\"mailto:marketing@softworks.com\">marketing@softworks.com<\/a><\/p>\n<p>Soluzioni in sede o hosted di Softworks:<br \/>\nGruppo RGPD di Softworks\u00a0<a href=\"mailto:swgdpr@softworks.com\">swgdpr@softworks.com<\/a>[\/vc_column_text][\/vc_column][\/vc_row]\n","protected":false},"excerpt":{"rendered":"<p>[vc_row type=&#8221;full_width&#8221; full_screen_row_position=&#8221;middle&#8221; column_margin=&#8221;default&#8221; column_direction=&#8221;default&#8221; column_direction_tablet=&#8221;default&#8221; column_direction_phone=&#8221;default&#8221; scene_position=&#8221;center&#8221; text_color=&#8221;dark&#8221; text_align=&#8221;left&#8221; row_border_radius=&#8221;none&#8221; row_border_radius_applies=&#8221;bg&#8221; overflow=&#8221;visible&#8221; overlay_strength=&#8221;0.3&#8243; gradient_direction=&#8221;left_to_right&#8221; shape_divider_position=&#8221;bottom&#8221; bg_image_animation=&#8221;none&#8221; css_animation=&#8221;&#8221; row_type=&#8221;row&#8221; use_row_as_full_screen_section=&#8221;no&#8221;&#8230;<\/p>\n","protected":false},"author":3,"featured_media":0,"parent":0,"menu_order":0,"comment_status":"closed","ping_status":"closed","template":"","meta":{"content-type":"","om_disable_all_campaigns":false,"footnotes":""},"class_list":["post-1676","page","type-page","status-publish"],"_links":{"self":[{"href":"https:\/\/www.softworks.com\/it\/wp-json\/wp\/v2\/pages\/1676","targetHints":{"allow":["GET"]}}],"collection":[{"href":"https:\/\/www.softworks.com\/it\/wp-json\/wp\/v2\/pages"}],"about":[{"href":"https:\/\/www.softworks.com\/it\/wp-json\/wp\/v2\/types\/page"}],"author":[{"embeddable":true,"href":"https:\/\/www.softworks.com\/it\/wp-json\/wp\/v2\/users\/3"}],"replies":[{"embeddable":true,"href":"https:\/\/www.softworks.com\/it\/wp-json\/wp\/v2\/comments?post=1676"}],"version-history":[{"count":0,"href":"https:\/\/www.softworks.com\/it\/wp-json\/wp\/v2\/pages\/1676\/revisions"}],"wp:attachment":[{"href":"https:\/\/www.softworks.com\/it\/wp-json\/wp\/v2\/media?parent=1676"}],"curies":[{"name":"wp","href":"https:\/\/api.w.org\/{rel}","templated":true}]}}