{"id":5684,"date":"2023-07-10T13:45:38","date_gmt":"2023-07-10T13:45:38","guid":{"rendered":"https:\/\/www.softworks.com\/?page_id=5684"},"modified":"2023-08-24T09:26:37","modified_gmt":"2023-08-24T09:26:37","slug":"barrierefreiheit","status":"publish","type":"page","link":"https:\/\/www.softworks.com\/de\/barrierefreiheit\/","title":{"rendered":"Barrierefreiheit"},"content":{"rendered":"[vc_row type=&#8220;full_width&#8220; full_screen_row_position=&#8220;middle&#8220; column_margin=&#8220;default&#8220; column_direction=&#8220;default&#8220; column_direction_tablet=&#8220;default&#8220; column_direction_phone=&#8220;default&#8220; scene_position=&#8220;center&#8220; text_color=&#8220;dark&#8220; text_align=&#8220;left&#8220; row_border_radius=&#8220;none&#8220; row_border_radius_applies=&#8220;bg&#8220; overflow=&#8220;visible&#8220; overlay_strength=&#8220;0.3&#8243; gradient_direction=&#8220;left_to_right&#8220; shape_divider_position=&#8220;bottom&#8220; bg_image_animation=&#8220;none&#8220; css_animation=&#8220;&#8220; row_type=&#8220;row&#8220; use_row_as_full_screen_section=&#8220;no&#8220; angled_section=&#8220;no&#8220; background_image_as_pattern=&#8220;without_pattern&#8220;][vc_column column_padding=&#8220;no-extra-padding&#8220; column_padding_tablet=&#8220;inherit&#8220; column_padding_phone=&#8220;inherit&#8220; column_padding_position=&#8220;all&#8220; column_element_direction_desktop=&#8220;default&#8220; column_element_spacing=&#8220;default&#8220; desktop_text_alignment=&#8220;default&#8220; tablet_text_alignment=&#8220;default&#8220; phone_text_alignment=&#8220;default&#8220; background_color_opacity=&#8220;1&#8243; background_hover_color_opacity=&#8220;1&#8243; column_backdrop_filter=&#8220;none&#8220; column_shadow=&#8220;none&#8220; column_border_radius=&#8220;none&#8220; column_link_target=&#8220;_self&#8220; column_position=&#8220;default&#8220; gradient_direction=&#8220;left_to_right&#8220; overlay_strength=&#8220;0.3&#8243; width=&#8220;1\/1&#8243; tablet_width_inherit=&#8220;default&#8220; animation_type=&#8220;default&#8220; bg_image_animation=&#8220;none&#8220; border_type=&#8220;simple&#8220; column_border_width=&#8220;none&#8220; column_border_style=&#8220;solid&#8220;][vc_column_text css_animation=&#8220;fadeInUp&#8220;]\n<h1 style=\"text-align: center;\">Barrierefreiheit<\/h1>\n[\/vc_column_text][\/vc_column][\/vc_row][vc_row type=&#8220;full_width&#8220; full_screen_row_position=&#8220;middle&#8220; column_margin=&#8220;default&#8220; column_direction=&#8220;default&#8220; column_direction_tablet=&#8220;default&#8220; column_direction_phone=&#8220;default&#8220; scene_position=&#8220;center&#8220; text_color=&#8220;dark&#8220; text_align=&#8220;left&#8220; row_border_radius=&#8220;none&#8220; row_border_radius_applies=&#8220;bg&#8220; overflow=&#8220;visible&#8220; overlay_strength=&#8220;0.3&#8243; gradient_direction=&#8220;left_to_right&#8220; shape_divider_position=&#8220;bottom&#8220; bg_image_animation=&#8220;none&#8220; css_animation=&#8220;&#8220; row_type=&#8220;row&#8220; use_row_as_full_screen_section=&#8220;no&#8220; angled_section=&#8220;no&#8220; background_image_as_pattern=&#8220;without_pattern&#8220;][vc_column column_padding=&#8220;no-extra-padding&#8220; column_padding_tablet=&#8220;inherit&#8220; column_padding_phone=&#8220;inherit&#8220; column_padding_position=&#8220;all&#8220; column_element_direction_desktop=&#8220;default&#8220; column_element_spacing=&#8220;default&#8220; desktop_text_alignment=&#8220;default&#8220; tablet_text_alignment=&#8220;default&#8220; phone_text_alignment=&#8220;default&#8220; background_color_opacity=&#8220;1&#8243; background_hover_color_opacity=&#8220;1&#8243; column_backdrop_filter=&#8220;none&#8220; column_shadow=&#8220;none&#8220; column_border_radius=&#8220;none&#8220; column_link_target=&#8220;_self&#8220; column_position=&#8220;default&#8220; advanced_gradient_angle=&#8220;0&#8243; gradient_direction=&#8220;left_to_right&#8220; overlay_strength=&#8220;0.3&#8243; width=&#8220;1\/1&#8243; tablet_width_inherit=&#8220;default&#8220; animation_type=&#8220;default&#8220; enable_animation=&#8220;true&#8220; animation=&#8220;fade-in-from-bottom&#8220; animation_easing=&#8220;default&#8220; bg_image_animation=&#8220;none&#8220; border_type=&#8220;simple&#8220; column_border_width=&#8220;none&#8220; column_border_style=&#8220;solid&#8220; gradient_type=&#8220;default&#8220; delay=&#8220;200&#8243;][vc_column_text css=&#8220;.vc_custom_1692868752746{padding-top: 20px !important;padding-right: 50px !important;padding-bottom: 0px !important;background-color: #ffffff !important;}&#8220;]<b>Verwendung der Barrierefreiheitsfunktionen in der Softworks-Mobil-App<\/b><\/p>\n<p><span style=\"font-weight: 400;\">Wir arbeiten kontinuierlich an der Verbesserung der Barrierefreiheit der Softworks-App (&#8222;Softworks Self Service App&#8220;), damit unsere Kunden, einschlie\u00dflich Menschen mit Behinderungen, alle innovativen Produkte, Tools und Dienstleistungen von Softworks einfacher und umfassender nutzen k\u00f6nnen.<\/span><\/p>\n<p>Softworks ist st\u00e4ndig bem\u00fcht, das Erlebnis f\u00fcr alle Nutzer zu verbessern, und arbeitet in Zusammenarbeit mit ialabs.ie kontinuierlich an Verbesserungen.<br \/>\nDie Website entspricht derzeit teilweise den Zug\u00e4nglichkeitsstandards.<br \/>\nDie mobile App entspricht derzeit nicht den Zug\u00e4nglichkeitsstandards und wir arbeiten derzeit daran, dies zu beheben.[\/vc_column_text][\/vc_column][\/vc_row][vc_row type=&#8220;full_width&#8220; full_screen_row_position=&#8220;middle&#8220; column_margin=&#8220;default&#8220; column_direction=&#8220;default&#8220; column_direction_tablet=&#8220;default&#8220; column_direction_phone=&#8220;default&#8220; scene_position=&#8220;center&#8220; text_color=&#8220;dark&#8220; text_align=&#8220;left&#8220; row_border_radius=&#8220;none&#8220; row_border_radius_applies=&#8220;bg&#8220; overflow=&#8220;visible&#8220; overlay_strength=&#8220;0.3&#8243; gradient_direction=&#8220;left_to_right&#8220; shape_divider_position=&#8220;bottom&#8220; bg_image_animation=&#8220;none&#8220; css_animation=&#8220;&#8220; row_type=&#8220;row&#8220; use_row_as_full_screen_section=&#8220;no&#8220; angled_section=&#8220;no&#8220; background_image_as_pattern=&#8220;without_pattern&#8220;][vc_column column_padding=&#8220;no-extra-padding&#8220; column_padding_tablet=&#8220;inherit&#8220; column_padding_phone=&#8220;inherit&#8220; column_padding_position=&#8220;all&#8220; column_element_direction_desktop=&#8220;default&#8220; column_element_spacing=&#8220;default&#8220; desktop_text_alignment=&#8220;default&#8220; tablet_text_alignment=&#8220;default&#8220; phone_text_alignment=&#8220;default&#8220; background_color_opacity=&#8220;1&#8243; background_hover_color_opacity=&#8220;1&#8243; column_backdrop_filter=&#8220;none&#8220; column_shadow=&#8220;none&#8220; column_border_radius=&#8220;none&#8220; column_link_target=&#8220;_self&#8220; column_position=&#8220;default&#8220; advanced_gradient_angle=&#8220;0&#8243; gradient_direction=&#8220;left_to_right&#8220; overlay_strength=&#8220;0.3&#8243; width=&#8220;1\/1&#8243; tablet_width_inherit=&#8220;default&#8220; animation_type=&#8220;default&#8220; enable_animation=&#8220;true&#8220; animation=&#8220;fade-in-from-bottom&#8220; animation_easing=&#8220;default&#8220; bg_image_animation=&#8220;none&#8220; border_type=&#8220;simple&#8220; column_border_width=&#8220;none&#8220; column_border_style=&#8220;solid&#8220; gradient_type=&#8220;default&#8220; delay=&#8220;300&#8243;][vc_column_text css=&#8220;.vc_custom_1692868953291{padding-top: 20px !important;padding-right: 50px !important;padding-bottom: 0px !important;background-color: #ffffff !important;}&#8220;]<strong>So k\u00f6nnen Sie Softworks auf einem Desktop-Computer barrierefrei durchsuchen<\/strong><\/p>\n<p><span style=\"font-weight: 400;\">Verwenden Sie die Bildschirmlupe und die Unterst\u00fctzung f\u00fcr gro\u00dfe Schrift, die in Ihren Browsern integriert sind: &#8220; Strg\/Cmd &#8220; und &#8220; + &#8220; \/ &#8220; Strg\/Cmd &#8220; und &#8220; &#8211; &#8220; \/ &#8220; Strg\/Cmd &#8220; und &#8222;0 &#8222;<\/span><\/p>\n<p>Passen Sie Ihr Leseerlebnis an: Aktivieren Sie in Ihrem Internet-Browser-Fenster die Leseansicht direkt in der Adressleiste. Die Leseansicht ist \u00fcber das entsprechende Symbol in der Suchleiste zug\u00e4nglich und mit den Browsern Firefox, Safari, Opera und Edge kompatibel. Dr\u00fccken Sie F9 oder Strg + Umschalt + R, um sie zu \u00f6ffnen.<\/p>\n<p>Verwenden Sie die Tastaturnavigation: Verwenden Sie die Tabulatortaste und die Pfeiltasten auf der Tastatur, um auf der Seite nach oben und unten zu bl\u00e4ttern und um auf einen bestimmten Link zuzugreifen.[\/vc_column_text][vc_column_text css=&#8220;.vc_custom_1692868985431{padding-top: 20px !important;padding-right: 50px !important;padding-bottom: 0px !important;background-color: #ffffff !important;}&#8220;]<strong>So aktivieren Sie die Bedienungshilfen auf Android:<\/strong><\/p>\n<ul>\n<li>\u00d6ffnen Sie Einstellungen auf Ihrem Ger\u00e4t.<\/li>\n<li>Tippen Sie auf Bedienungshilfen und dann auf Bedienungshilfen-Men\u00fc.<\/li>\n<li>Aktivieren Sie die Verkn\u00fcpfung f\u00fcr das Eingabehilfenmen\u00fc.<\/li>\n<li>Um die Berechtigungen zu akzeptieren, tippen Sie auf OK.<\/li>\n<\/ul>\n[\/vc_column_text][vc_column_text css=&#8220;.vc_custom_1692868997155{padding-top: 20px !important;padding-right: 50px !important;padding-bottom: 0px !important;background-color: #ffffff !important;}&#8220;]<b>So aktivieren Sie Bedienungshilfen unter iOS:<\/b><\/p>\n<ul>\n<li style=\"font-weight: 400;\" aria-level=\"1\"><span style=\"font-weight: 400;\">\u00d6ffnen Sie die App &#8222;Einstellungen&#8220; auf Ihrem Ger\u00e4t.<\/span><\/li>\n<li style=\"font-weight: 400;\" aria-level=\"1\"><span style=\"font-weight: 400;\">Gehen Sie zu Einstellungen und dann zu Bedienungshilfen.<\/span><\/li>\n<li style=\"font-weight: 400;\" aria-level=\"1\"><span style=\"font-weight: 400;\">W\u00e4hlen Sie die gew\u00fcnschten Funktionen f\u00fcr die Barrierefreiheit aus den angebotenen Kategorien aus (Sehen, Physisch und Motorisch, H\u00f6ren, Allgemein).<\/span><\/li>\n<\/ul>\n[\/vc_column_text][vc_column_text css=&#8220;.vc_custom_1692869008769{padding-top: 20px !important;padding-right: 50px !important;padding-bottom: 0px !important;background-color: #ffffff !important;}&#8220;]<b>Hilfe erhalten<\/b><\/p>\n<p><span style=\"font-weight: 400;\">Wenn Sie Hilfe ben\u00f6tigen oder ein Problem melden m\u00f6chten, kontaktieren Sie uns bitte \u00fcber die entsprechenden Kan\u00e4le.<\/span>[\/vc_column_text][divider line_type=&#8220;No Line&#8220; custom_height=&#8220;80px&#8220;][\/vc_column][\/vc_row]\n","protected":false},"excerpt":{"rendered":"<p>[vc_row type=&#8220;full_width&#8220; full_screen_row_position=&#8220;middle&#8220; column_margin=&#8220;default&#8220; column_direction=&#8220;default&#8220; column_direction_tablet=&#8220;default&#8220; column_direction_phone=&#8220;default&#8220; scene_position=&#8220;center&#8220; text_color=&#8220;dark&#8220; text_align=&#8220;left&#8220; row_border_radius=&#8220;none&#8220; row_border_radius_applies=&#8220;bg&#8220; overflow=&#8220;visible&#8220; overlay_strength=&#8220;0.3&#8243; gradient_direction=&#8220;left_to_right&#8220; shape_divider_position=&#8220;bottom&#8220; bg_image_animation=&#8220;none&#8220; css_animation=&#8220;&#8220; row_type=&#8220;row&#8220; use_row_as_full_screen_section=&#8220;no&#8220;&#8230;<\/p>\n","protected":false},"author":3,"featured_media":0,"parent":0,"menu_order":0,"comment_status":"closed","ping_status":"closed","template":"","meta":{"content-type":"","om_disable_all_campaigns":false,"footnotes":""},"class_list":["post-5684","page","type-page","status-publish"],"_links":{"self":[{"href":"https:\/\/www.softworks.com\/de\/wp-json\/wp\/v2\/pages\/5684","targetHints":{"allow":["GET"]}}],"collection":[{"href":"https:\/\/www.softworks.com\/de\/wp-json\/wp\/v2\/pages"}],"about":[{"href":"https:\/\/www.softworks.com\/de\/wp-json\/wp\/v2\/types\/page"}],"author":[{"embeddable":true,"href":"https:\/\/www.softworks.com\/de\/wp-json\/wp\/v2\/users\/3"}],"replies":[{"embeddable":true,"href":"https:\/\/www.softworks.com\/de\/wp-json\/wp\/v2\/comments?post=5684"}],"version-history":[{"count":0,"href":"https:\/\/www.softworks.com\/de\/wp-json\/wp\/v2\/pages\/5684\/revisions"}],"wp:attachment":[{"href":"https:\/\/www.softworks.com\/de\/wp-json\/wp\/v2\/media?parent=5684"}],"curies":[{"name":"wp","href":"https:\/\/api.w.org\/{rel}","templated":true}]}}