{"id":3528,"date":"2022-06-10T08:48:29","date_gmt":"2022-06-10T08:48:29","guid":{"rendered":"https:\/\/www.softworks.com\/?page_id=3528"},"modified":"2026-02-04T16:56:23","modified_gmt":"2026-02-04T16:56:23","slug":"umweltpolitik","status":"publish","type":"page","link":"https:\/\/www.softworks.com\/de\/umweltpolitik\/","title":{"rendered":"Erkl\u00e4rung zur Umweltpolitik"},"content":{"rendered":"[vc_row type=&#8220;full_width_content&#8220; full_screen_row_position=&#8220;middle&#8220; column_margin=&#8220;default&#8220; column_direction=&#8220;default&#8220; column_direction_tablet=&#8220;default&#8220; column_direction_phone=&#8220;default&#8220; scene_position=&#8220;center&#8220; text_color=&#8220;dark&#8220; text_align=&#8220;left&#8220; row_border_radius=&#8220;none&#8220; row_border_radius_applies=&#8220;bg&#8220; row_position_desktop=&#8220;default&#8220; row_position_tablet=&#8220;inherit&#8220; row_position_phone=&#8220;inherit&#8220; overflow=&#8220;visible&#8220; overlay_strength=&#8220;0.3&#8243; gradient_direction=&#8220;left_to_right&#8220; shape_divider_position=&#8220;bottom&#8220; bg_image_animation=&#8220;none&#8220; gradient_type=&#8220;default&#8220; shape_type=&#8220;&#8220;][vc_column column_padding=&#8220;no-extra-padding&#8220; column_padding_tablet=&#8220;inherit&#8220; column_padding_phone=&#8220;inherit&#8220; column_padding_position=&#8220;all&#8220; flex_gap_desktop=&#8220;10px&#8220; column_element_direction_desktop=&#8220;default&#8220; column_element_spacing=&#8220;default&#8220; desktop_text_alignment=&#8220;default&#8220; tablet_text_alignment=&#8220;default&#8220; phone_text_alignment=&#8220;default&#8220; background_color_opacity=&#8220;1&#8243; background_hover_color_opacity=&#8220;1&#8243; column_backdrop_filter=&#8220;none&#8220; column_shadow=&#8220;none&#8220; column_border_radius=&#8220;none&#8220; column_link_target=&#8220;_self&#8220; column_position=&#8220;default&#8220; gradient_direction=&#8220;left_to_right&#8220; overlay_strength=&#8220;0.3&#8243; width=&#8220;1\/1&#8243; tablet_width_inherit=&#8220;default&#8220; animation_type=&#8220;default&#8220; bg_image_animation=&#8220;none&#8220; border_type=&#8220;simple&#8220; column_border_width=&#8220;none&#8220; column_border_style=&#8220;solid&#8220;][image_with_animation image_url=&#8220;8490&#8243; image_size=&#8220;full&#8220; max_width=&#8220;100%&#8220; max_width_mobile=&#8220;default&#8220; animation_type=&#8220;entrance&#8220; animation=&#8220;None&#8220; animation_movement_type=&#8220;transform_y&#8220; hover_animation=&#8220;none&#8220; alignment=&#8220;&#8220; border_radius=&#8220;none&#8220; box_shadow=&#8220;none&#8220; image_loading=&#8220;default&#8220;][\/vc_column][\/vc_row][vc_row type=&#8220;in_container&#8220; full_screen_row_position=&#8220;middle&#8220; column_margin=&#8220;default&#8220; column_direction=&#8220;default&#8220; column_direction_tablet=&#8220;default&#8220; column_direction_phone=&#8220;default&#8220; scene_position=&#8220;center&#8220; top_padding=&#8220;1%&#8220; bottom_padding=&#8220;3%&#8220; text_color=&#8220;dark&#8220; text_align=&#8220;left&#8220; row_border_radius=&#8220;none&#8220; row_border_radius_applies=&#8220;bg&#8220; row_position_desktop=&#8220;default&#8220; row_position_tablet=&#8220;inherit&#8220; row_position_phone=&#8220;inherit&#8220; overflow=&#8220;visible&#8220; advanced_gradient_angle=&#8220;0&#8243; overlay_strength=&#8220;0.3&#8243; gradient_direction=&#8220;left_to_right&#8220; shape_divider_position=&#8220;bottom&#8220; bg_image_animation=&#8220;none&#8220; gradient_type=&#8220;default&#8220; shape_type=&#8220;&#8220;][vc_column column_padding=&#8220;no-extra-padding&#8220; column_padding_tablet=&#8220;inherit&#8220; column_padding_phone=&#8220;inherit&#8220; column_padding_position=&#8220;all&#8220; flex_gap_desktop=&#8220;10px&#8220; column_element_direction_desktop=&#8220;default&#8220; column_element_spacing=&#8220;default&#8220; desktop_text_alignment=&#8220;default&#8220; tablet_text_alignment=&#8220;default&#8220; phone_text_alignment=&#8220;default&#8220; background_color_opacity=&#8220;1&#8243; background_hover_color_opacity=&#8220;1&#8243; column_backdrop_filter=&#8220;none&#8220; column_shadow=&#8220;none&#8220; column_border_radius=&#8220;none&#8220; column_link_target=&#8220;_self&#8220; column_position=&#8220;default&#8220; advanced_gradient_angle=&#8220;0&#8243; gradient_direction=&#8220;left_to_right&#8220; overlay_strength=&#8220;0.3&#8243; width=&#8220;1\/1&#8243; tablet_width_inherit=&#8220;default&#8220; animation_type=&#8220;default&#8220; enable_animation=&#8220;true&#8220; animation=&#8220;fade-in-from-bottom&#8220; animation_easing=&#8220;default&#8220; bg_image_animation=&#8220;none&#8220; border_type=&#8220;simple&#8220; column_border_width=&#8220;none&#8220; column_border_style=&#8220;solid&#8220; gradient_type=&#8220;default&#8220;][vc_custom_heading text=&#8220;Erkl\u00e4rung zur Umweltpolitik&#8220; font_container=&#8220;tag:h1|text_align:center&#8220; use_theme_fonts=&#8220;yes&#8220;][divider line_type=&#8220;No Line&#8220;][vc_column_text]\n<div class=\"wpb_text_column wpb_content_element \">\n<div class=\"wpb_wrapper\">\n<p>Softworks verfolgt das Ziel, das Arbeitsleben unserer Benutzer, ihr Unternehmen und die Mitarbeiter positiv zu beeinflussen. Wir sind uns bewusst, dass unsere Gesch\u00e4ftsaktivit\u00e4ten die Umwelt beeinflussen und wir verpflichten uns, die nachteiligen Auswirkungen dieser Aktivit\u00e4ten so gering wie m\u00f6glich zu halten. Wir verstehen uns als ein verantwortungsbewusstes und ethisches Unternehmen und legen als solches den Hauptschwerpunkt auf das Management und die Verbesserung unserer Umweltleistung. Dieses Dokument legt unsere Umweltpolitik dar.<\/p><\/div>\n<\/div>\n<div class=\"vc_empty_space\"><\/div>\n<div class=\"wpb_text_column wpb_content_element \">\n<div class=\"wpb_wrapper\">\n<p><strong>Wir verpflichten uns:<\/strong><\/div>\n<\/div>\n<div class=\"wpb_text_column wpb_content_element vc_custom_1648038935013\">\n<div class=\"wpb_wrapper\">\n<ul>\n<li>Alle relevanten gesetzlichen Anforderungen, Leitf\u00e4den und Vorschriften vollst\u00e4ndig einzuhalten<\/li>\n<li>Die Umweltauswirkungen unserer T\u00e4tigkeiten zu bewerten, fortlaufend daran zu arbeiten, diese Auswirkungen zu reduzieren, und unsere Ressourceneffizienz durch Reduzierung von Energie, Wasserverbrauch und Abfall zu verbessern<\/li>\n<li>Die Umweltauswirkungen unserer T\u00e4tigkeiten zu bewerten, fortlaufend daran zu arbeiten, diese Auswirkungen zu reduzieren, und unsere Ressourceneffizienz durch Reduzierung von Energie, Wasserverbrauch und Abfall zu verbessern<\/li>\n<li>Mit unseren Kunden zusammenzuarbeiten, um umweltfreundlichere Entscheidungen zu treffen<\/li>\n<li>Unseren Fortschritt zu \u00fcberwachen, um eine laufende Verbesserung unserer Umweltleistung sicherzustellen<\/li>\n<li>Diese Politik an Stakeholder und die \u00d6ffentlichkeit zu bringen und mit unseren Nachbarn zusammenarbeiten, um die Auswirkungen unserer T\u00e4tigkeiten zu reduzieren<\/li>\n<\/ul>\n<\/div>\n<\/div>\n<div class=\"wpb_text_column wpb_content_element vc_custom_1648039323661\">\n<div class=\"wpb_wrapper\">\n<p><strong>Arbeit im Home-Office<\/strong><\/div>\n<\/div>\n<div class=\"wpb_text_column wpb_content_element vc_custom_1648039212628\">\n<div class=\"wpb_wrapper\">\n<ul>\n<li>Wir haben Home-Office-Praktiken eingef\u00fchrt, die unseren CO<sub>2<\/sub>-Fu\u00dfabdruck senken.<\/li>\n<li>Wir ziehen Online-Besprechungen Vor-Ort-Besuchen vor, was unseren CO<sub>2<\/sub>-Fu\u00dfabdruck zus\u00e4tzlich senken wird.<\/li>\n<\/ul>\n<\/div>\n<\/div>\n<div class=\"wpb_text_column wpb_content_element vc_custom_1648039359771\">\n<div class=\"wpb_wrapper\">\n<p><strong>Energie<\/strong><\/div>\n<\/div>\n<div class=\"wpb_text_column wpb_content_element vc_custom_1648039429731\">\n<div class=\"wpb_wrapper\">\n<ul>\n<li>Im Rahmen unserer CO<sub>2<\/sub>-Management-Strategie unseren CO<sub>2<\/sub>-Fu\u00dfabdruck zu senken<\/li>\n<li>Die Energieeffizienz und -einsparung f\u00fcr alle T\u00e4tigkeiten zu optimieren<\/li>\n<li>Energieeffizienz in unserem Unternehmen zu steuern, zu verwalten und zu f\u00f6rdern<\/li>\n<li>Die Auswirkungen durch Transportaktivit\u00e4ten in unserem Unternehmen zu reduzieren<\/li>\n<\/ul>\n<\/div>\n<\/div>\n<div class=\"wpb_text_column wpb_content_element vc_custom_1648039464627\">\n<div class=\"wpb_wrapper\">\n<p><strong>Abfall<\/strong><\/div>\n<\/div>\n<div class=\"wpb_text_column wpb_content_element vc_custom_1648039493673\">\n<div class=\"wpb_wrapper\">\n<ul>\n<li>Abfallreduzierung, -wiederverwertung und -recycling sowohl intern als auch bei unseren Anbietern und Kunden aktiv zu f\u00f6rdern<\/li>\n<li>Verpackungsmaterialien f\u00fcr alle unsere Hardware-Produkte zu reduzieren, wo dies realisierbar ist<\/li>\n<li>Die Abfallerzeugung zu minimieren, indem wir von Wiederverwertungs- und Recycling-Optionen Gebrauch machen, wo dies m\u00f6glich ist<\/li>\n<li>In der Planungs-, Entwurfs- und Betriebsphase neuer und bereits vorhandener Gesch\u00e4ftsaktivit\u00e4ten die Abfallerzeugung und \u00fcberfl\u00fcssigen Ressourcenverbrauch zu minimieren<\/li>\n<\/ul>\n<\/div>\n<\/div>\n<div class=\"wpb_text_column wpb_content_element vc_custom_1648039524595\">\n<div class=\"wpb_wrapper\">\n<p><strong>Laufende Verbesserung<\/strong><\/div>\n<\/div>\n<div class=\"wpb_text_column wpb_content_element vc_custom_1648039593852\">\n<div class=\"wpb_wrapper\">\n<ul>\n<li>Spezifische Verbesserungsziele festzulegen, unseren Fortschritt zu \u00fcberwachen und Ergebnisse intern zu kommunizieren<\/li>\n<li>Spezifische Ziele zur laufenden Verbesserung unserer Umweltleistung zu entwickeln<\/li>\n<li>Ziele und Vorgaben zur laufenden Verbesserung festzulegen unsere Leistung regelm\u00e4\u00dfig zu messen und zu \u00fcberpr\u00fcfen sowie die Ergebnisse zu kommunizieren<\/li>\n<li>Zu einer laufenden Leistungsverbesserung durch Minimierung der Umweltauswirkungen durch unser Unternehmen<\/li>\n<li>Eine laufende Verbesserung zu unterst\u00fctzen, indem wir unsere Umweltvorgaben und -ziele festlegen, \u00fcberwachen und \u00fcberpr\u00fcfen<\/li>\n<\/ul>\n<\/div>\n<\/div>\n<div class=\"wpb_text_column wpb_content_element vc_custom_1648039659632\">\n<div class=\"wpb_wrapper\">\n<p><strong>Beschaffung<\/strong><\/div>\n<\/div>\n<div class=\"wpb_text_column wpb_content_element vc_custom_1648039688869\">\n<div class=\"wpb_wrapper\">\n<ul>\n<li>Anbieter und Vertragspartner zu w\u00e4hlen, welche die besten Umweltpraktiken anwenden, und dies zur Beschaffungspolitik unseres Unternehmens zu machen<\/li>\n<li>Produkte und Dienstleistungen mit den geringsten Umweltauswirkungen einzukaufen, wo dies realisierbar ist<\/li>\n<li>Anbieter und Vertragspartner dazu anzuregen, nachhaltige Umweltsysteme einzuf\u00fchren<\/li>\n<li>Materialien, Einrichtungs- und Ausstattungsgegenst\u00e4nde aus nachhaltigen Quellen zu verwenden<\/li>\n<\/ul>\n<\/div>\n<\/div>\n<div class=\"wpb_text_column wpb_content_element vc_custom_1648039738423\">\n<div class=\"wpb_wrapper\">\n<p><strong>Bewusstsein\/Schulungen<\/strong><\/div>\n<\/div>\n<div class=\"wpb_text_column wpb_content_element vc_custom_1648039775616\">\n<div class=\"wpb_wrapper\">\n<ul>\n<li>Das Umweltbewusstsein unserer Mitarbeiter durch geeignete Kommunikation und Schulungsprogramme zu st\u00e4rken<\/li>\n<li>Das Umweltbewusstsein im ganzen Unternehmen zu st\u00e4rken<\/li>\n<li>Sicherzustellen, dass alle Mitarbeiter unsere Umweltpolitik verstehen und ihre Standards einhalten<\/li>\n<li>Laufende Schulungen unseres gesamten Personals zu allen umweltbezogenen Themen durchzuf\u00fchren<\/li>\n<li>Unser gesamtes Personal zu informieren und zu motivieren sowie es dazu zu ermutigen, eine aktive Rolle bei der Einhaltung unserer Umweltpolitik einzunehmen<\/li>\n<\/ul>\n<\/div>\n<\/div>\n[\/vc_column_text][\/vc_column][\/vc_row]\n","protected":false},"excerpt":{"rendered":"<p>[vc_row type=&#8220;full_width_content&#8220; full_screen_row_position=&#8220;middle&#8220; column_margin=&#8220;default&#8220; column_direction=&#8220;default&#8220; column_direction_tablet=&#8220;default&#8220; column_direction_phone=&#8220;default&#8220; scene_position=&#8220;center&#8220; text_color=&#8220;dark&#8220; text_align=&#8220;left&#8220; row_border_radius=&#8220;none&#8220; row_border_radius_applies=&#8220;bg&#8220; row_position_desktop=&#8220;default&#8220; row_position_tablet=&#8220;inherit&#8220; row_position_phone=&#8220;inherit&#8220; overflow=&#8220;visible&#8220; overlay_strength=&#8220;0.3&#8243; gradient_direction=&#8220;left_to_right&#8220; shape_divider_position=&#8220;bottom&#8220; bg_image_animation=&#8220;none&#8220;&#8230;<\/p>\n","protected":false},"author":3,"featured_media":0,"parent":0,"menu_order":0,"comment_status":"closed","ping_status":"closed","template":"","meta":{"content-type":"","om_disable_all_campaigns":false,"footnotes":""},"class_list":["post-3528","page","type-page","status-publish"],"_links":{"self":[{"href":"https:\/\/www.softworks.com\/de\/wp-json\/wp\/v2\/pages\/3528","targetHints":{"allow":["GET"]}}],"collection":[{"href":"https:\/\/www.softworks.com\/de\/wp-json\/wp\/v2\/pages"}],"about":[{"href":"https:\/\/www.softworks.com\/de\/wp-json\/wp\/v2\/types\/page"}],"author":[{"embeddable":true,"href":"https:\/\/www.softworks.com\/de\/wp-json\/wp\/v2\/users\/3"}],"replies":[{"embeddable":true,"href":"https:\/\/www.softworks.com\/de\/wp-json\/wp\/v2\/comments?post=3528"}],"version-history":[{"count":0,"href":"https:\/\/www.softworks.com\/de\/wp-json\/wp\/v2\/pages\/3528\/revisions"}],"wp:attachment":[{"href":"https:\/\/www.softworks.com\/de\/wp-json\/wp\/v2\/media?parent=3528"}],"curies":[{"name":"wp","href":"https:\/\/api.w.org\/{rel}","templated":true}]}}