{"id":2173,"date":"2022-06-09T15:12:45","date_gmt":"2022-06-09T15:12:45","guid":{"rendered":"https:\/\/www.softworks.com\/terms-conditions\/"},"modified":"2022-07-08T10:52:56","modified_gmt":"2022-07-08T10:52:56","slug":"nutzungsbedingungen","status":"publish","type":"page","link":"https:\/\/www.softworks.com\/de\/nutzungsbedingungen\/","title":{"rendered":"Nutzungsbedingungen"},"content":{"rendered":"[vc_row type=&#8220;in_container&#8220; full_screen_row_position=&#8220;middle&#8220; column_margin=&#8220;default&#8220; column_direction=&#8220;default&#8220; column_direction_tablet=&#8220;default&#8220; column_direction_phone=&#8220;default&#8220; scene_position=&#8220;center&#8220; text_color=&#8220;dark&#8220; text_align=&#8220;left&#8220; row_border_radius=&#8220;none&#8220; row_border_radius_applies=&#8220;bg&#8220; overflow=&#8220;visible&#8220; overlay_strength=&#8220;0.3&#8243; gradient_direction=&#8220;left_to_right&#8220; shape_divider_position=&#8220;bottom&#8220; bg_image_animation=&#8220;none&#8220;][vc_column column_padding=&#8220;no-extra-padding&#8220; column_padding_tablet=&#8220;inherit&#8220; column_padding_phone=&#8220;inherit&#8220; column_padding_position=&#8220;all&#8220; column_element_spacing=&#8220;default&#8220; background_color_opacity=&#8220;1&#8243; background_hover_color_opacity=&#8220;1&#8243; column_shadow=&#8220;none&#8220; column_border_radius=&#8220;none&#8220; column_link_target=&#8220;_self&#8220; column_position=&#8220;default&#8220; gradient_direction=&#8220;left_to_right&#8220; overlay_strength=&#8220;0.3&#8243; width=&#8220;1\/1&#8243; tablet_width_inherit=&#8220;default&#8220; tablet_text_alignment=&#8220;default&#8220; phone_text_alignment=&#8220;default&#8220; animation_type=&#8220;default&#8220; bg_image_animation=&#8220;none&#8220; border_type=&#8220;simple&#8220; column_border_width=&#8220;none&#8220; column_border_style=&#8220;solid&#8220;][vc_custom_heading text=&#8220;Nutzungsbedingungen&#8220; font_container=&#8220;tag:h1|text_align:center&#8220; use_theme_fonts=&#8220;yes&#8220;][vc_column_text]\n<div class=\"wpb_text_column wpb_content_element vc_custom_1479307754538\">\n<div class=\"wpb_wrapper\">\n<p style=\"text-align: center;\">Die Verwendung dieser Website unterliegt den folgenden Nutzungsbedingungen:<\/p>\n<\/div>\n<\/div>\n[\/vc_column_text][\/vc_column][\/vc_row][vc_row type=&#8220;in_container&#8220; full_screen_row_position=&#8220;middle&#8220; column_margin=&#8220;default&#8220; column_direction=&#8220;default&#8220; column_direction_tablet=&#8220;default&#8220; column_direction_phone=&#8220;default&#8220; scene_position=&#8220;center&#8220; text_color=&#8220;dark&#8220; text_align=&#8220;left&#8220; row_border_radius=&#8220;none&#8220; row_border_radius_applies=&#8220;bg&#8220; overflow=&#8220;visible&#8220; overlay_strength=&#8220;0.3&#8243; gradient_direction=&#8220;left_to_right&#8220; shape_divider_position=&#8220;bottom&#8220; bg_image_animation=&#8220;none&#8220;][vc_column column_padding=&#8220;no-extra-padding&#8220; column_padding_tablet=&#8220;inherit&#8220; column_padding_phone=&#8220;inherit&#8220; column_padding_position=&#8220;all&#8220; column_element_spacing=&#8220;default&#8220; background_color_opacity=&#8220;1&#8243; background_hover_color_opacity=&#8220;1&#8243; column_shadow=&#8220;none&#8220; column_border_radius=&#8220;none&#8220; column_link_target=&#8220;_self&#8220; column_position=&#8220;default&#8220; gradient_direction=&#8220;left_to_right&#8220; overlay_strength=&#8220;0.3&#8243; width=&#8220;1\/1&#8243; tablet_width_inherit=&#8220;default&#8220; tablet_text_alignment=&#8220;default&#8220; phone_text_alignment=&#8220;default&#8220; animation_type=&#8220;default&#8220; bg_image_animation=&#8220;none&#8220; border_type=&#8220;simple&#8220; column_border_width=&#8220;none&#8220; column_border_style=&#8220;solid&#8220;][divider line_type=&#8220;No Line&#8220;][\/vc_column][\/vc_row][vc_row type=&#8220;in_container&#8220; full_screen_row_position=&#8220;middle&#8220; column_margin=&#8220;default&#8220; column_direction=&#8220;default&#8220; column_direction_tablet=&#8220;default&#8220; column_direction_phone=&#8220;default&#8220; scene_position=&#8220;center&#8220; text_color=&#8220;dark&#8220; text_align=&#8220;left&#8220; row_border_radius=&#8220;none&#8220; row_border_radius_applies=&#8220;bg&#8220; overflow=&#8220;visible&#8220; overlay_strength=&#8220;0.3&#8243; gradient_direction=&#8220;left_to_right&#8220; shape_divider_position=&#8220;bottom&#8220; bg_image_animation=&#8220;none&#8220;][vc_column column_padding=&#8220;no-extra-padding&#8220; column_padding_tablet=&#8220;inherit&#8220; column_padding_phone=&#8220;inherit&#8220; column_padding_position=&#8220;all&#8220; column_element_spacing=&#8220;default&#8220; background_color_opacity=&#8220;1&#8243; background_hover_color_opacity=&#8220;1&#8243; column_shadow=&#8220;none&#8220; column_border_radius=&#8220;none&#8220; column_link_target=&#8220;_self&#8220; column_position=&#8220;default&#8220; gradient_direction=&#8220;left_to_right&#8220; overlay_strength=&#8220;0.3&#8243; width=&#8220;1\/1&#8243; tablet_width_inherit=&#8220;default&#8220; tablet_text_alignment=&#8220;default&#8220; phone_text_alignment=&#8220;default&#8220; animation_type=&#8220;default&#8220; bg_image_animation=&#8220;none&#8220; border_type=&#8220;simple&#8220; column_border_width=&#8220;none&#8220; column_border_style=&#8220;solid&#8220;][vc_column_text]Willkommen auf unserer Website. Wenn Sie weiter browsen und diese Website verwenden, stimmen Sie den folgenden Nutzungsbedingungen zu. Gemeinsam mit unserer Datenschutzrichtlinie regeln diese die Beziehung von Softworks Ltd. mit Ihnen in Bezug auf diese Website. Die Begriffe \u201eSoftworks Ltd.\u201c, \u201eSoftworks\u201c, \u201euns\u201c oder \u201ewir\u201c beziehen sich auf den Eigent\u00fcmer der Website, dessen eingetragener Firmenhauptsitz wie folgt lautet: 111 Main Street, Bray, Co Wicklow, Irland. Der Begriff \u201eSie\u201c bezieht sich auf den Benutzer oder Betrachter der Website.<\/p>\n<h4>Nutzungsbedingungen:<\/h4>\n<p>Der Inhalt dieser Websites ist nur zur allgemeinen Information und Nutzung bestimmt. Er kann jederzeit und ohne Vorank\u00fcndigung ge\u00e4ndert werden.<\/p>\n<p>Weder wir noch Dritte garantieren f\u00fcr die Genauigkeit, Rechtzeitigkeit, Leistung, Vollst\u00e4ndigkeit oder Eignung von Informationen und Material auf dieser Website f\u00fcr einen bestimmten Zweck. Sie best\u00e4tigen hiermit, dass Ihnen bewusst ist, dass alle Informationen und Empfehlungen auf dieser Website Ungenauigkeiten oder Fehler enthalten k\u00f6nnen und wir ausdr\u00fccklich jedwede Haftung f\u00fcr solche Ungenauigkeiten oder Fehler im gesetzlich maximal zul\u00e4ssigen Umfang ausschlie\u00dfen.<\/p>\n<p>Die Nutzung jedweder Informationen und Materialien auf dieser Website erfolgt uneingeschr\u00e4nkt auf Ihr eigenes Risiko und wir \u00fcbernehmen keine Haftung. Es ist Ihre eigene Verantwortung, sicherzustellen, dass jedwede durch diese Website angebotenen Produkte, Services oder Informationen Ihren spezifischen Anforderungen entsprechen.<\/p>\n<p>Diese Website enth\u00e4lt Materialien, die unser Eigentum sind oder f\u00fcr die wir eine Lizenz besitzen. Diese Materialien beinhalten, sind aber nicht beschr\u00e4nkt auf das Design, Layout, Aussehen, Erscheinungsbild und Grafiken. Die Vervielf\u00e4ltigung ist verboten, sofern sie nicht im Einklang mit dem urheberrechtlichen Hinweis steht, der Teil dieser Nutzungsbedingungen ist.<\/p>\n<p>S\u00e4mtliche auf dieser Website abgebildeten Marken, die nicht Eigentum des Betreibers sind oder f\u00fcr die der Betreiber keine Lizenz h\u00e4lt, sind Marken ihrer jeweiligen Inhaber.<\/p>\n<p>Die unautorisierte Nutzung dieser Websites kann zu einer Klage auf Schadenersatz f\u00fchren und\/oder stellt eine strafbare Handlung dar.<\/p>\n<p>Diese Website kann gelegentlich Links zu anderen Websites enthalten. Diese Links sollen Ihnen bei der Suche nach weiteren einschl\u00e4gigen Informationen helfen. Das bedeutet nicht, dass wir die Inhalte dieser Websites guthei\u00dfen. Wir \u00fcbernehmen keine Verantwortung f\u00fcr den Inhalt der verlinkten Website(s). Es ist Ihnen nicht gestattet, ohne vorherige schriftliche Genehmigung von Softworks Ltd diese Website von einer anderen Website oder einem anderen Dokument aus zu verlinken.<\/p>\n<p>Ihre Nutzung dieser Website und jedwede aus der Nutzung der Website entstehenden Streitigkeiten unterliegen europ\u00e4ischer Gesetzgebung.[\/vc_column_text][\/vc_column][\/vc_row]\n","protected":false},"excerpt":{"rendered":"<p>[vc_row type=&#8220;in_container&#8220; full_screen_row_position=&#8220;middle&#8220; column_margin=&#8220;default&#8220; column_direction=&#8220;default&#8220; column_direction_tablet=&#8220;default&#8220; column_direction_phone=&#8220;default&#8220; scene_position=&#8220;center&#8220; text_color=&#8220;dark&#8220; text_align=&#8220;left&#8220; row_border_radius=&#8220;none&#8220; row_border_radius_applies=&#8220;bg&#8220; overflow=&#8220;visible&#8220; overlay_strength=&#8220;0.3&#8243; gradient_direction=&#8220;left_to_right&#8220; shape_divider_position=&#8220;bottom&#8220; bg_image_animation=&#8220;none&#8220;][vc_column column_padding=&#8220;no-extra-padding&#8220; column_padding_tablet=&#8220;inherit&#8220; column_padding_phone=&#8220;inherit&#8220;&#8230;<\/p>\n","protected":false},"author":3,"featured_media":0,"parent":0,"menu_order":0,"comment_status":"closed","ping_status":"closed","template":"","meta":{"content-type":"","om_disable_all_campaigns":false,"footnotes":""},"class_list":["post-2173","page","type-page","status-publish"],"_links":{"self":[{"href":"https:\/\/www.softworks.com\/de\/wp-json\/wp\/v2\/pages\/2173","targetHints":{"allow":["GET"]}}],"collection":[{"href":"https:\/\/www.softworks.com\/de\/wp-json\/wp\/v2\/pages"}],"about":[{"href":"https:\/\/www.softworks.com\/de\/wp-json\/wp\/v2\/types\/page"}],"author":[{"embeddable":true,"href":"https:\/\/www.softworks.com\/de\/wp-json\/wp\/v2\/users\/3"}],"replies":[{"embeddable":true,"href":"https:\/\/www.softworks.com\/de\/wp-json\/wp\/v2\/comments?post=2173"}],"version-history":[{"count":0,"href":"https:\/\/www.softworks.com\/de\/wp-json\/wp\/v2\/pages\/2173\/revisions"}],"wp:attachment":[{"href":"https:\/\/www.softworks.com\/de\/wp-json\/wp\/v2\/media?parent=2173"}],"curies":[{"name":"wp","href":"https:\/\/api.w.org\/{rel}","templated":true}]}}