{"id":1674,"date":"2022-06-01T11:44:04","date_gmt":"2022-06-01T11:44:04","guid":{"rendered":"https:\/\/www.softworks.com\/privacy-policy\/"},"modified":"2022-07-04T13:45:33","modified_gmt":"2022-07-04T13:45:33","slug":"datenschutz","status":"publish","type":"page","link":"https:\/\/www.softworks.com\/de\/datenschutz\/","title":{"rendered":"Datenschutz"},"content":{"rendered":"[vc_row type=&#8220;full_width&#8220; full_screen_row_position=&#8220;middle&#8220; column_margin=&#8220;default&#8220; column_direction=&#8220;default&#8220; column_direction_tablet=&#8220;default&#8220; column_direction_phone=&#8220;default&#8220; scene_position=&#8220;center&#8220; text_color=&#8220;dark&#8220; text_align=&#8220;left&#8220; row_border_radius=&#8220;none&#8220; row_border_radius_applies=&#8220;bg&#8220; overflow=&#8220;visible&#8220; overlay_strength=&#8220;0.3&#8243; gradient_direction=&#8220;left_to_right&#8220; shape_divider_position=&#8220;bottom&#8220; bg_image_animation=&#8220;none&#8220; css_animation=&#8220;&#8220; row_type=&#8220;row&#8220; use_row_as_full_screen_section=&#8220;no&#8220; angled_section=&#8220;no&#8220; background_image_as_pattern=&#8220;without_pattern&#8220;][vc_column column_padding=&#8220;no-extra-padding&#8220; column_padding_tablet=&#8220;inherit&#8220; column_padding_phone=&#8220;inherit&#8220; column_padding_position=&#8220;all&#8220; column_element_spacing=&#8220;default&#8220; background_color_opacity=&#8220;1&#8243; background_hover_color_opacity=&#8220;1&#8243; column_shadow=&#8220;none&#8220; column_border_radius=&#8220;none&#8220; column_link_target=&#8220;_self&#8220; column_position=&#8220;default&#8220; gradient_direction=&#8220;left_to_right&#8220; overlay_strength=&#8220;0.3&#8243; width=&#8220;1\/1&#8243; tablet_width_inherit=&#8220;default&#8220; tablet_text_alignment=&#8220;default&#8220; phone_text_alignment=&#8220;default&#8220; animation_type=&#8220;default&#8220; bg_image_animation=&#8220;none&#8220; border_type=&#8220;simple&#8220; column_border_width=&#8220;none&#8220; column_border_style=&#8220;solid&#8220;][vc_column_text]\n<h1 style=\"text-align: center;\">Datenschutz<\/h1>\n[\/vc_column_text][vc_column_text css=&#8220;.vc_custom_1656941794342{padding-bottom: 25px !important;}&#8220;]\n<p style=\"text-align: center; color: #959595; font-size: 18px;\">Softworks respektiert Ihr Recht auf Datenschutz.<\/p>\n[\/vc_column_text][\/vc_column][\/vc_row][vc_row type=&#8220;full_width&#8220; full_screen_row_position=&#8220;middle&#8220; column_margin=&#8220;default&#8220; column_direction=&#8220;default&#8220; column_direction_tablet=&#8220;default&#8220; column_direction_phone=&#8220;default&#8220; scene_position=&#8220;center&#8220; text_color=&#8220;dark&#8220; text_align=&#8220;left&#8220; row_border_radius=&#8220;none&#8220; row_border_radius_applies=&#8220;bg&#8220; overflow=&#8220;visible&#8220; overlay_strength=&#8220;0.3&#8243; gradient_direction=&#8220;left_to_right&#8220; shape_divider_position=&#8220;bottom&#8220; bg_image_animation=&#8220;none&#8220; css_animation=&#8220;&#8220; row_type=&#8220;row&#8220; use_row_as_full_screen_section=&#8220;no&#8220; angled_section=&#8220;no&#8220; background_image_as_pattern=&#8220;without_pattern&#8220;][vc_column column_padding=&#8220;no-extra-padding&#8220; column_padding_tablet=&#8220;inherit&#8220; column_padding_phone=&#8220;inherit&#8220; column_padding_position=&#8220;all&#8220; column_element_spacing=&#8220;default&#8220; background_color_opacity=&#8220;1&#8243; background_hover_color_opacity=&#8220;1&#8243; column_shadow=&#8220;none&#8220; column_border_radius=&#8220;none&#8220; column_link_target=&#8220;_self&#8220; column_position=&#8220;default&#8220; gradient_direction=&#8220;left_to_right&#8220; overlay_strength=&#8220;0.3&#8243; width=&#8220;1\/1&#8243; tablet_width_inherit=&#8220;default&#8220; tablet_text_alignment=&#8220;default&#8220; phone_text_alignment=&#8220;default&#8220; animation_type=&#8220;default&#8220; bg_image_animation=&#8220;none&#8220; border_type=&#8220;simple&#8220; column_border_width=&#8220;none&#8220; column_border_style=&#8220;solid&#8220;][vc_column_text css=&#8220;.vc_custom_1656941805451{padding-top: 20px !important;padding-right: 50px !important;padding-bottom: 0px !important;background-color: #ffffff !important;}&#8220;]\n<h4>Einf\u00fchrung<\/h4>\n[\/vc_column_text][vc_column_text css=&#8220;.vc_custom_1656941823048{padding-top: 20px !important;padding-right: 50px !important;padding-bottom: 0px !important;background-color: #ffffff !important;}&#8220;]\n<ul>\n<li>Softworks und seine Mitarbeiter \u00fcbernehmen die Verantwortung f\u00fcr den Schutz der Unternehmensger\u00e4te, der vertraulichen Kundendaten und des geistigen Eigentums des Unternehmens. Diese wichtigen Ressourcen bed\u00fcrfen eines besonderen Schutzes, um potenzielle Auswirkungen auf Softworks und seine Kunden zu vermeiden. Somit stellt die Datensicherheit bei Softworks eine wichtige Gesch\u00e4ftsgrundlage dar und hat Einfluss auf alle Aspekte der Gesch\u00e4ftsmethoden und betrieblichen Vorg\u00e4nge von Softworks.<\/li>\n<li>In diesem Dokument erfahren Sie, welche Daten Softworks im Rahmen seiner T\u00e4tigkeit als Datenverarbeiter f\u00fcr potenzielle und vorhandene Kunden erhebt.<\/li>\n<li>Dieser Hinweis gilt f\u00fcr die Softworks-Website, die gehosteten Softworks-L\u00f6sungen und die Vor-Ort-L\u00f6sungen von Softworks.<\/li>\n<\/ul>\n<p>Bei Fragen zu dieser Richtlinie wenden Sie sich bitte an\u00a0<a href=\"mailto:swgdpr@softworks.com\" target=\"_blank\" rel=\"noopener noreferrer\">swgdpr@softworks.com<\/a>[\/vc_column_text][\/vc_column][\/vc_row][vc_row type=&#8220;full_width&#8220; full_screen_row_position=&#8220;middle&#8220; column_margin=&#8220;default&#8220; column_direction=&#8220;default&#8220; column_direction_tablet=&#8220;default&#8220; column_direction_phone=&#8220;default&#8220; scene_position=&#8220;center&#8220; text_color=&#8220;dark&#8220; text_align=&#8220;left&#8220; row_border_radius=&#8220;none&#8220; row_border_radius_applies=&#8220;bg&#8220; overflow=&#8220;visible&#8220; overlay_strength=&#8220;0.3&#8243; gradient_direction=&#8220;left_to_right&#8220; shape_divider_position=&#8220;bottom&#8220; bg_image_animation=&#8220;none&#8220; css_animation=&#8220;&#8220; row_type=&#8220;row&#8220; use_row_as_full_screen_section=&#8220;no&#8220; angled_section=&#8220;no&#8220; background_image_as_pattern=&#8220;without_pattern&#8220;][vc_column column_padding=&#8220;no-extra-padding&#8220; column_padding_tablet=&#8220;inherit&#8220; column_padding_phone=&#8220;inherit&#8220; column_padding_position=&#8220;all&#8220; column_element_spacing=&#8220;default&#8220; background_color_opacity=&#8220;1&#8243; background_hover_color_opacity=&#8220;1&#8243; column_shadow=&#8220;none&#8220; column_border_radius=&#8220;none&#8220; column_link_target=&#8220;_self&#8220; column_position=&#8220;default&#8220; gradient_direction=&#8220;left_to_right&#8220; overlay_strength=&#8220;0.3&#8243; width=&#8220;1\/1&#8243; tablet_width_inherit=&#8220;default&#8220; tablet_text_alignment=&#8220;default&#8220; phone_text_alignment=&#8220;default&#8220; animation_type=&#8220;default&#8220; bg_image_animation=&#8220;none&#8220; border_type=&#8220;simple&#8220; column_border_width=&#8220;none&#8220; column_border_style=&#8220;solid&#8220;][vc_column_text css=&#8220;.vc_custom_1566900395687{padding-top: 20px !important;padding-right: 50px !important;padding-bottom: 0px !important;background-color: #ffffff !important;}&#8220;]\n<h4 style=\"margin-bottom: 0px; margin-top: 20px;\">\u00dcber Softworks<\/h4>\n[\/vc_column_text][vc_column_text css=&#8220;.vc_custom_1656941839275{padding-top: 20px !important;padding-right: 50px !important;padding-bottom: 0px !important;background-color: #ffffff !important;}&#8220;]\n<div class=\"wpb_text_column wpb_content_element vc_custom_1566900367625\">\n<div class=\"wpb_wrapper\">\n<p>Softworks unterst\u00fctzt Unternehmen dabei, Prozesse zu optimieren, die Produktivit\u00e4t zu steigern und die Kosten zu senken, und zwar durch eine optimierte Verwaltung sowie eine bessere Einsatzplanung und Auslastung Ihrer Mitarbeiter. Softworks bietet zuverl\u00e4ssige, bew\u00e4hrte, benutzerfreundliche und intuitive L\u00f6sungen f\u00fcr Arbeitszeitmanagement\/Gleitzeit, Personaleinsatzplanung\/Dienstplanerstellung, HR Management und Fehlzeitenmanagement. Private Unternehmen und \u00f6ffentliche Einrichtungen werden dabei unterst\u00fctzt, eine bessere Compliance sicherzustellen, die Fehlerquote zu senken, Leerlaufzeiten zu vermeiden und das Reporting zu verbessern. Gleichzeitig entsteht eine sichere und positive Arbeitsumgebung f\u00fcr alle Mitarbeiter.<\/p>\n<\/div>\n<\/div>\n[\/vc_column_text][vc_column_text css=&#8220;.vc_custom_1656941877943{padding-top: 20px !important;padding-right: 50px !important;padding-bottom: 0px !important;background-color: #ffffff !important;}&#8220;]\n<div class=\"wpb_text_column wpb_content_element vc_custom_1566900409262\">\n<div class=\"wpb_wrapper\">\n<h4 style=\"text-align: left;\">Welche Informationen erheben wir?<\/h4>\n<\/div>\n<\/div>\n[\/vc_column_text][vc_column_text css=&#8220;.vc_custom_1656941894476{padding-top: 20px !important;padding-right: 50px !important;padding-bottom: 0px !important;background-color: #ffffff !important;}&#8220;]\n<ul>\n<li>Auf der Softworks-Website werden Daten erhoben, sobald Besucher auf bestimmte Bereiche unserer Websites zugreifen, u. a. auf den Kundenbereich, den Chat, die Whitepaper-Berichte oder Brosch\u00fcren. Softworks agiert f\u00fcr diese Daten als Datenverantwortlicher.<\/li>\n<li>Softworks erhebt \u00fcber das Drittanbieter-Tool Hubspot einige Marketingdaten. Dazu geh\u00f6ren Name, Unternehmen, Position, E-Mail-Adresse und Telefonnummer. Softworks gibt diese Informationen nicht au\u00dferhalb der Marketing- und Vertriebsteams von Softworks weiter.<\/li>\n<li>Die Workforce Management-L\u00f6sungen von Softworks erfassen keine Daten f\u00fcr Softworks. Alle in einem Softworks-System hinzugef\u00fcgten Daten stammen vom Kunden und werden nur von ihm und seinen Mitarbeitern genutzt. So beh\u00e4lt der Kunde die Kontrolle \u00fcber die Daten, die Softworks f\u00fcr ihn verarbeitet.<\/li>\n<li>Als Datenverarbeiter h\u00e4lt sich Softworks beim Umgang mit den Kundendaten an die folgenden Prozesse. Wo immer m\u00f6glich werden Kundendaten anonymisiert, um die Vertraulichkeit zu gew\u00e4hrleisten. Werden Daten f\u00fcr eine bestimmte Aufgabe zur Verf\u00fcgung gestellt, werden sie nach Erhalt protokolliert. Die Daten werden an einem sicheren Ort gespeichert. Der Zugriff erfolgt nach dem Prinzip der geringsten Rechte (Least Privilege) und die Daten werden sicher gel\u00f6scht, sobald die Aufgabe abgeschlossen ist.<\/li>\n<\/ul>\n[\/vc_column_text][vc_column_text css=&#8220;.vc_custom_1656941911857{padding-top: 20px !important;padding-right: 50px !important;padding-bottom: 0px !important;background-color: #ffffff !important;}&#8220;]\n<div class=\"wpb_text_column wpb_content_element vc_custom_1566900456304\">\n<div class=\"wpb_wrapper\">\n<h4>Wie verwenden wir personenbezogene Daten?<\/h4>\n<\/div>\n<\/div>\n[\/vc_column_text][vc_column_text css=&#8220;.vc_custom_1656941940487{padding-top: 20px !important;padding-right: 50px !important;padding-bottom: 0px !important;background-color: #ffffff !important;}&#8220;]\n<ul>\n<li>Kontoeinrichtung und -verwaltung<\/li>\n<li>Kommunikation zu Marketing und Veranstaltungen<\/li>\n<li>Bereitstellung von Workforce Management-L\u00f6sungen<\/li>\n<li>Erf\u00fcllen von internen Pr\u00fcfanforderungen<\/li>\n<\/ul>\n[\/vc_column_text][vc_column_text css=&#8220;.vc_custom_1656941953368{padding-top: 20px !important;padding-right: 50px !important;padding-bottom: 0px !important;background-color: #ffffff !important;}&#8220;]\n<h4>Auf welcher rechtlichen Grundlage basiert die Verarbeitung Ihrer personenbezogenen Daten?<\/h4>\n[\/vc_column_text][vc_column_text css=&#8220;.vc_custom_1656941968823{padding-top: 20px !important;padding-right: 50px !important;padding-bottom: 0px !important;background-color: #ffffff !important;}&#8220;]\n<ul>\n<li>Vertrag \u2013 Softworks ist Datenverarbeiter f\u00fcr den Kunden. Der Kunde nutzt unsere Services auf einer Vertragsgrundlage, um eine L\u00f6sung f\u00fcr sein Unternehmen und seine Mitarbeiter bereitzustellen.<\/li>\n<li>Berechtigtes Interesse \u2013 Marketingdaten, die ein Kunde oder potenzieller Kunde m\u00f6glicherweise von uns erh\u00e4lt, beruhen auf der Grundlage von berechtigtem Interesse. Bitte senden Sie eine E-Mail an\u00a0<a href=\"mailto:marketing@softworks.com\">marketing@softworks.com<\/a>, wenn Sie aus dem Verteiler gel\u00f6scht werden m\u00f6chten. Sie k\u00f6nnen sich auch jederzeit entfernen lassen, indem Sie auf den Link zum Abbestellen klicken, der in allen Marketing-E-Mails enthalten ist.<\/li>\n<\/ul>\n[\/vc_column_text][vc_column_text css=&#8220;.vc_custom_1656941981486{padding-top: 20px !important;padding-right: 50px !important;padding-bottom: 0px !important;background-color: #ffffff !important;}&#8220;]\n<div class=\"wpb_text_column wpb_content_element vc_custom_1566900569379\">\n<div class=\"wpb_wrapper\">\n<h4>Wann geben wir personenbezogene Daten weiter?<\/h4>\n<\/div>\n<\/div>\n[\/vc_column_text][vc_column_text css=&#8220;.vc_custom_1656941995447{padding-top: 20px !important;padding-right: 50px !important;padding-bottom: 0px !important;background-color: #ffffff !important;}&#8220;]Softworks behandelt Kundendaten zwischen Softworks und der betroffenen Person als vertraulich. Wir geben keine Daten an Dritte weiter, au\u00dfer es ist erforderlich, um unsere Services bereitzustellen.[\/vc_column_text][vc_column_text css=&#8220;.vc_custom_1656942006470{padding-top: 20px !important;padding-right: 50px !important;padding-bottom: 0px !important;background-color: #ffffff !important;}&#8220;]\n<ul>\n<li>Personenbezogene Daten, die \u00fcber die Softworks-Website erhoben werden, werden nicht an Dritte weitergegeben, au\u00dfer wenn ein Service verwendet wird, \u00fcber den wir mit der betroffenen Person kommunizieren, z. B. ein Mailing \u00fcber Hubspot. Alle von Softworks verwendeten Drittanbieter wurden gepr\u00fcft und es wurde best\u00e4tigt, dass sie die korrekten DSGVO-Richtlinien zum Schutz der angegebenen Daten verwenden.<\/li>\n<li>Softworks verwendet sichere Prozesse und Technologien, um den Schutz der angegebenen Daten zu gew\u00e4hrleisten. Dazu geh\u00f6rt Verschl\u00fcsselung, Anonymisierung, SSL sowie ein sicherer Dateitransfer.<\/li>\n<\/ul>\n[\/vc_column_text][\/vc_column][\/vc_row][vc_row type=&#8220;in_container&#8220; full_screen_row_position=&#8220;middle&#8220; column_margin=&#8220;default&#8220; column_direction=&#8220;default&#8220; column_direction_tablet=&#8220;default&#8220; column_direction_phone=&#8220;default&#8220; scene_position=&#8220;center&#8220; bottom_padding=&#8220;80px&#8220; text_color=&#8220;dark&#8220; text_align=&#8220;left&#8220; row_border_radius=&#8220;none&#8220; row_border_radius_applies=&#8220;bg&#8220; overflow=&#8220;visible&#8220; advanced_gradient_angle=&#8220;0&#8243; overlay_strength=&#8220;0.3&#8243; gradient_direction=&#8220;left_to_right&#8220; shape_divider_position=&#8220;bottom&#8220; bg_image_animation=&#8220;none&#8220; css_animation=&#8220;&#8220; row_type=&#8220;row&#8220; use_row_as_full_screen_section=&#8220;no&#8220; angled_section=&#8220;no&#8220; background_image_as_pattern=&#8220;without_pattern&#8220; gradient_type=&#8220;default&#8220; shape_type=&#8220;&#8220;][vc_column column_padding=&#8220;no-extra-padding&#8220; column_padding_tablet=&#8220;inherit&#8220; column_padding_phone=&#8220;inherit&#8220; column_padding_position=&#8220;all&#8220; column_element_spacing=&#8220;default&#8220; background_color_opacity=&#8220;1&#8243; background_hover_color_opacity=&#8220;1&#8243; column_shadow=&#8220;none&#8220; column_border_radius=&#8220;none&#8220; column_link_target=&#8220;_self&#8220; column_position=&#8220;default&#8220; gradient_direction=&#8220;left_to_right&#8220; overlay_strength=&#8220;0.3&#8243; width=&#8220;1\/1&#8243; tablet_width_inherit=&#8220;default&#8220; tablet_text_alignment=&#8220;default&#8220; phone_text_alignment=&#8220;default&#8220; animation_type=&#8220;default&#8220; bg_image_animation=&#8220;none&#8220; border_type=&#8220;simple&#8220; column_border_width=&#8220;none&#8220; column_border_style=&#8220;solid&#8220;][vc_column_text css=&#8220;.vc_custom_1656942024327{padding-top: 20px !important;padding-right: 50px !important;padding-bottom: 0px !important;background-color: #ffffff !important;}&#8220;]\n<h4>Wo speichern und verarbeiten wir personenbezogene Daten?<\/h4>\n[\/vc_column_text][vc_column_text css=&#8220;.vc_custom_1656942049230{padding-top: 20px !important;padding-right: 50px !important;padding-bottom: 0px !important;background-color: #ffffff !important;}&#8220;]Softworks speichert und verarbeitet alle von Kunden verf\u00fcgbaren Daten innerhalb des europ\u00e4ischen Wirtschaftsraums.<\/p>\n<p>In den F\u00e4llen, in denen die Marketingabteilung von Softworks die Drittanbieter-Software Hubspot verwendet, gilt das EU-US-Privacy Shield-Abkommen. Weitere Informationen erhalten Sie unter\u00a0<a href=\"https:\/\/legal.hubspot.com\/dpa\" target=\"_blank\" rel=\"noopener\">https:\/\/legal.hubspot.com\/dpa<\/a>[\/vc_column_text][vc_column_text css=&#8220;.vc_custom_1656942062222{padding-top: 20px !important;padding-right: 50px !important;padding-bottom: 0px !important;background-color: #ffffff !important;}&#8220;]\n<h4>Wie sch\u00fctzen wir personenbezogene Daten?<\/h4>\n[\/vc_column_text][vc_column_text css=&#8220;.vc_custom_1656942072373{padding-top: 20px !important;padding-right: 50px !important;padding-bottom: 0px !important;background-color: #ffffff !important;}&#8220;]Softworks h\u00e4lt sich in Bezug auf die DSGVO an zwei Richtlinien: die Softworks-Richtlinien zum Datenschutz und zur Datensicherheit. In diesen Richtlinien wird im Detail aufgef\u00fchrt, wie die Mitarbeiter von Softworks mit den Softworks-Daten und den Kundendaten umgehen. Die Grundlage hierf\u00fcr bildet das Prinzip der geringsten Rechte (Least Privilege).[\/vc_column_text][vc_column_text css=&#8220;.vc_custom_1656942085661{padding-top: 20px !important;padding-right: 50px !important;padding-bottom: 0px !important;background-color: #ffffff !important;}&#8220;]\n<ul>\n<li>Aufnahmevorgang f\u00fcr Nachverfolgbarkeit, Zugriff und L\u00f6schung aller von Softworks erhaltenen Daten.<\/li>\n<li>Softworks verwendet an allen Netzwerkgrenzen Watchguard- und Cisco-Firewalls. Softworks verwendet auf allen Softworks-Ger\u00e4ten Virenscanner. Softworks f\u00fchrt j\u00e4hrliche Penetrationstests unserer Infrastruktur und der Softwareanwendung aus und pr\u00fcft die mit dem Internet verbundenen Ger\u00e4te w\u00f6chentlich auf Schwachstellen.<\/li>\n<li>Der Zugriff auf Daten wird \u00fcber Active Directory verwaltet, um sicherzustellen, dass nur autorisierte Benutzer Zugriff haben.<\/li>\n<li>Softworks f\u00fchrt beim Implementieren aller \u00c4nderungen an unseren Prozessen oder beim Hinzuf\u00fcgen neuer Prozesse Datenschutzfolgeabsch\u00e4tzungen aus.<\/li>\n<li>Das Schulungsteam von Softworks informiert alle Softworks-Mitarbeiter in regelm\u00e4\u00dfigen Abst\u00e4nden \u00fcber ihre Aufgaben und ihre Verantwortung im Hinblick auf die DSGVO.<\/li>\n<li>Softworks verwaltet das Risiko durch Drittanbieter \u00fcber Vertr\u00e4ge und Sicherheitspr\u00fcfungen.<\/li>\n<\/ul>\n[\/vc_column_text][vc_column_text css=&#8220;.vc_custom_1656942097627{padding-top: 20px !important;padding-right: 50px !important;padding-bottom: 0px !important;background-color: #ffffff !important;}&#8220;]\n<h4>Wie lange bewahren wir Ihre personenbezogenen Daten auf?<\/h4>\n[\/vc_column_text][vc_column_text css=&#8220;.vc_custom_1656942109289{padding-top: 20px !important;padding-right: 50px !important;padding-bottom: 0px !important;background-color: #ffffff !important;}&#8220;]Die Daten der Softworks-Website werden nur f\u00fcr die Dauer der Aufgabe aufbewahrt, f\u00fcr die sie bereitgestellt wurden. Die gehosteten Softworks-L\u00f6sungen speichern Kundendaten f\u00fcr die Dauer des Kundenvertrags mit Softworks. Werden Kundendaten zur Implementierung oder f\u00fcr den Support eines Systems direkt an Softworks \u00fcbermittelt, werden sie f\u00fcr den angegebenen Zweck aufbewahrt und anonymisiert oder im Anschluss vernichtet.[\/vc_column_text][vc_column_text css=&#8220;.vc_custom_1656942125161{padding-top: 20px !important;padding-right: 50px !important;padding-bottom: 0px !important;background-color: #ffffff !important;}&#8220;]\n<h4>Ihre Rechte in Bezug auf personenbezogene Daten<\/h4>\n[\/vc_column_text][vc_column_text css=&#8220;.vc_custom_1656942134629{padding-top: 20px !important;padding-right: 50px !important;padding-bottom: 0px !important;background-color: #ffffff !important;}&#8220;]Werden Daten \u00fcber die Softworks-Website erhoben und ist Softworks der Datenverantwortliche, hat die betroffene Person die folgenden Rechte und kann sie \u00fcber den Kontakt mit\u00a0<a href=\"mailto:marketing@softworks.com\">marketing@softworks.com<\/a>\u00a0aus\u00fcben.[\/vc_column_text][vc_column_text css=&#8220;.vc_custom_1656942147704{padding-top: 20px !important;padding-right: 50px !important;padding-bottom: 0px !important;background-color: #ffffff !important;}&#8220;]\n<ul>\n<li>Zugriff auf personenbezogene Daten, die von Softworks gespeichert werden<\/li>\n<li>Korrektur und L\u00f6schen dieser Daten<\/li>\n<li>Widerruf der Einwilligung<\/li>\n<li>Softworks stellt die von Softworks gespeicherten Daten auf Anfrage der betroffenen Person gem\u00e4\u00df des Rechts auf Daten\u00fcbertragbarkeit, Einschr\u00e4nkung der Verarbeitung und Widerspruch zur Verf\u00fcgung. In den F\u00e4llen, in denen Softworks als Datenverarbeiter f\u00fcr den Datenverantwortlichen Softworks handelt, wird die betroffene Person an den Datenverantwortlichen verwiesen.<\/li>\n<li>Einreichen einer Beschwerde an die Datenschutzkommission\/die britische Datenschutzbeh\u00f6rde (ICO), falls die Beh\u00f6rde in einer bestimmten Situation benachrichtigt werden muss<\/li>\n<\/ul>\n[\/vc_column_text][vc_column_text css=&#8220;.vc_custom_1656942166323{padding-top: 20px !important;padding-right: 50px !important;padding-bottom: 0px !important;background-color: #ffffff !important;}&#8220;]Werden personenbezogene Daten von einem Softworks-Kunden f\u00fcr eine Softworks-L\u00f6sung vor Ort oder f\u00fcr eine gehostete L\u00f6sung erhoben, verweist Softworks die betroffene Person an den entsprechenden Kontakt in der Organisation des Datenverantwortlichen, wie in unserem DSGVO-Vertrag oder Vertragszusatz f\u00fcr Datenverantwortliche\/-verarbeiter dargelegt.<\/p>\n<p>In diesem Fall sollten sich die betroffenen Personen an\u00a0<a href=\"mailto:swdgpr@softworks.com\">swdgpr@softworks.com<\/a>\u00a0wenden.<\/p>\n<p>Muss Softworks die Identit\u00e4t einer betroffenen Person pr\u00fcfen, bitten wir eventuell um eine E-Mail von der Adresse, die \u00fcber die Softworks-Website registriert wurde.[\/vc_column_text][vc_column_text css=&#8220;.vc_custom_1656942176335{padding-top: 20px !important;padding-right: 50px !important;padding-bottom: 0px !important;background-color: #ffffff !important;}&#8220;]\n<h4>Nutzung von Cookies und anderen Technologien<\/h4>\n[\/vc_column_text][vc_column_text css=&#8220;.vc_custom_1656942187194{padding-top: 20px !important;padding-right: 50px !important;padding-bottom: 0px !important;background-color: #ffffff !important;}&#8220;]Softworks verwendet Cookies und \u00e4hnliche Technologien, um Ihnen personalisierte Inhalte zu bieten. In unserer Cookie-Richtlinie erl\u00e4utern wir, was ein Cookie ist, wie wir Cookies verwenden und welche Auswahl Sie bez\u00fcglich Cookies treffen k\u00f6nnen. Hier erfahren Sie auch, wie Sie die Verwendung von Cookies auf Ihrem Ger\u00e4t \u00e4ndern oder einschr\u00e4nken. Weitere Informationen finden Sie in unserer\u00a0<a href=\"https:\/\/www.softworks.com\/de\/cookie-richtlinie\/\">Cookie-Richtlinie<\/a>.[\/vc_column_text][vc_column_text css=&#8220;.vc_custom_1656942200659{padding-top: 20px !important;padding-right: 50px !important;padding-bottom: 0px !important;background-color: #ffffff !important;}&#8220;]\n<h4>Links zu anderen Websites\/Drittanbieterinhalten<\/h4>\n[\/vc_column_text][vc_column_text css=&#8220;.vc_custom_1656942213389{padding-top: 20px !important;padding-right: 50px !important;padding-bottom: 0px !important;background-color: #ffffff !important;}&#8220;]Softworks \u00fcbernimmt keine Haftung f\u00fcr die Inhalte der von der Softworks-Website verlinkten anderen Websites.[\/vc_column_text][vc_column_text css=&#8220;.vc_custom_1656942224469{padding-top: 20px !important;padding-right: 50px !important;padding-bottom: 0px !important;background-color: #ffffff !important;}&#8220;]\n<div class=\"wpb_text_column wpb_content_element vc_custom_1566900808202\">\n<div class=\"wpb_wrapper\">\n<h4>Wie k\u00f6nnen Sie uns kontaktieren?<\/h4>\n<\/div>\n<\/div>\n[\/vc_column_text][vc_column_text css=&#8220;.vc_custom_1656942249476{padding-top: 20px !important;padding-right: 50px !important;padding-bottom: 0px !important;background-color: #ffffff !important;}&#8220;]Wenn Sie Softworks in Bezug auf obige Inhalte kontaktieren m\u00f6chten, wenden Sie sich an:<\/p>\n<p>Softworks-Website:<br \/>\nMarketing-Abteilung von Softworks\u00a0<a href=\"mailto:marketing@softworks.com\">marketing@softworks.com<\/a><\/p>\n<p>Bei gehosteten Softworks-L\u00f6sungen oder L\u00f6sungen vor Ort:<br \/>\nSoftworks-DSGVO-Abteilung unter\u00a0<a href=\"mailto:swgdpr@softworks.com\">swgdpr@softworks.com<\/a>[\/vc_column_text][\/vc_column][\/vc_row]\n","protected":false},"excerpt":{"rendered":"<p>[vc_row type=&#8220;full_width&#8220; full_screen_row_position=&#8220;middle&#8220; column_margin=&#8220;default&#8220; column_direction=&#8220;default&#8220; column_direction_tablet=&#8220;default&#8220; column_direction_phone=&#8220;default&#8220; scene_position=&#8220;center&#8220; text_color=&#8220;dark&#8220; text_align=&#8220;left&#8220; row_border_radius=&#8220;none&#8220; row_border_radius_applies=&#8220;bg&#8220; overflow=&#8220;visible&#8220; overlay_strength=&#8220;0.3&#8243; gradient_direction=&#8220;left_to_right&#8220; shape_divider_position=&#8220;bottom&#8220; bg_image_animation=&#8220;none&#8220; css_animation=&#8220;&#8220; row_type=&#8220;row&#8220; use_row_as_full_screen_section=&#8220;no&#8220;&#8230;<\/p>\n","protected":false},"author":3,"featured_media":0,"parent":0,"menu_order":0,"comment_status":"closed","ping_status":"closed","template":"","meta":{"content-type":"","om_disable_all_campaigns":false,"footnotes":""},"class_list":["post-1674","page","type-page","status-publish"],"_links":{"self":[{"href":"https:\/\/www.softworks.com\/de\/wp-json\/wp\/v2\/pages\/1674","targetHints":{"allow":["GET"]}}],"collection":[{"href":"https:\/\/www.softworks.com\/de\/wp-json\/wp\/v2\/pages"}],"about":[{"href":"https:\/\/www.softworks.com\/de\/wp-json\/wp\/v2\/types\/page"}],"author":[{"embeddable":true,"href":"https:\/\/www.softworks.com\/de\/wp-json\/wp\/v2\/users\/3"}],"replies":[{"embeddable":true,"href":"https:\/\/www.softworks.com\/de\/wp-json\/wp\/v2\/comments?post=1674"}],"version-history":[{"count":0,"href":"https:\/\/www.softworks.com\/de\/wp-json\/wp\/v2\/pages\/1674\/revisions"}],"wp:attachment":[{"href":"https:\/\/www.softworks.com\/de\/wp-json\/wp\/v2\/media?parent=1674"}],"curies":[{"name":"wp","href":"https:\/\/api.w.org\/{rel}","templated":true}]}}