{"id":1669,"date":"2022-06-21T10:32:16","date_gmt":"2022-06-21T10:32:16","guid":{"rendered":"https:\/\/www.softworks.com\/cookies-policy\/"},"modified":"2022-07-04T13:13:52","modified_gmt":"2022-07-04T13:13:52","slug":"cookie-richtlinie","status":"publish","type":"page","link":"https:\/\/www.softworks.com\/de\/cookie-richtlinie\/","title":{"rendered":"Cookie-Richtlinie"},"content":{"rendered":"[vc_row type=&#8220;full_width&#8220; full_screen_row_position=&#8220;middle&#8220; column_margin=&#8220;default&#8220; column_direction=&#8220;default&#8220; column_direction_tablet=&#8220;default&#8220; column_direction_phone=&#8220;default&#8220; scene_position=&#8220;center&#8220; text_color=&#8220;dark&#8220; text_align=&#8220;left&#8220; row_border_radius=&#8220;none&#8220; row_border_radius_applies=&#8220;bg&#8220; overflow=&#8220;visible&#8220; overlay_strength=&#8220;0.3&#8243; gradient_direction=&#8220;left_to_right&#8220; shape_divider_position=&#8220;bottom&#8220; bg_image_animation=&#8220;none&#8220; css_animation=&#8220;&#8220; row_type=&#8220;row&#8220; use_row_as_full_screen_section=&#8220;no&#8220; angled_section=&#8220;no&#8220; background_image_as_pattern=&#8220;without_pattern&#8220;][vc_column column_padding=&#8220;no-extra-padding&#8220; column_padding_tablet=&#8220;inherit&#8220; column_padding_phone=&#8220;inherit&#8220; column_padding_position=&#8220;all&#8220; column_element_spacing=&#8220;default&#8220; background_color_opacity=&#8220;1&#8243; background_hover_color_opacity=&#8220;1&#8243; column_shadow=&#8220;none&#8220; column_border_radius=&#8220;none&#8220; column_link_target=&#8220;_self&#8220; column_position=&#8220;default&#8220; gradient_direction=&#8220;left_to_right&#8220; overlay_strength=&#8220;0.3&#8243; width=&#8220;1\/1&#8243; tablet_width_inherit=&#8220;default&#8220; tablet_text_alignment=&#8220;default&#8220; phone_text_alignment=&#8220;default&#8220; animation_type=&#8220;default&#8220; bg_image_animation=&#8220;none&#8220; border_type=&#8220;simple&#8220; column_border_width=&#8220;none&#8220; column_border_style=&#8220;solid&#8220;][vc_column_text]\n<h1 style=\"text-align: center;\">Cookie-Richtlinie<\/h1>\n[\/vc_column_text][vc_column_text css=&#8220;.vc_custom_1656940141959{padding-bottom: 25px !important;}&#8220;]\n<p style=\"text-align: center; color: #959595; font-size: 18px;\">Cookie-Richtlinie von Softworks<\/p>\n[\/vc_column_text][\/vc_column][\/vc_row][vc_row type=&#8220;full_width&#8220; full_screen_row_position=&#8220;middle&#8220; column_margin=&#8220;default&#8220; column_direction=&#8220;default&#8220; column_direction_tablet=&#8220;default&#8220; column_direction_phone=&#8220;default&#8220; scene_position=&#8220;center&#8220; text_color=&#8220;dark&#8220; text_align=&#8220;left&#8220; row_border_radius=&#8220;none&#8220; row_border_radius_applies=&#8220;bg&#8220; overflow=&#8220;visible&#8220; overlay_strength=&#8220;0.3&#8243; gradient_direction=&#8220;left_to_right&#8220; shape_divider_position=&#8220;bottom&#8220; bg_image_animation=&#8220;none&#8220; css_animation=&#8220;&#8220; row_type=&#8220;row&#8220; use_row_as_full_screen_section=&#8220;no&#8220; angled_section=&#8220;no&#8220; background_image_as_pattern=&#8220;without_pattern&#8220;][vc_column column_padding=&#8220;no-extra-padding&#8220; column_padding_tablet=&#8220;inherit&#8220; column_padding_phone=&#8220;inherit&#8220; column_padding_position=&#8220;all&#8220; column_element_spacing=&#8220;default&#8220; background_color_opacity=&#8220;1&#8243; background_hover_color_opacity=&#8220;1&#8243; column_shadow=&#8220;none&#8220; column_border_radius=&#8220;none&#8220; column_link_target=&#8220;_self&#8220; column_position=&#8220;default&#8220; gradient_direction=&#8220;left_to_right&#8220; overlay_strength=&#8220;0.3&#8243; width=&#8220;1\/1&#8243; tablet_width_inherit=&#8220;default&#8220; tablet_text_alignment=&#8220;default&#8220; phone_text_alignment=&#8220;default&#8220; animation_type=&#8220;default&#8220; bg_image_animation=&#8220;none&#8220; border_type=&#8220;simple&#8220; column_border_width=&#8220;none&#8220; column_border_style=&#8220;solid&#8220;][vc_column_text css=&#8220;.vc_custom_1656940152981{padding-top: 20px !important;padding-right: 50px !important;padding-bottom: 0px !important;background-color: #ffffff !important;}&#8220;]\n<h4>Einf\u00fchrung<\/h4>\n[\/vc_column_text][vc_column_text css=&#8220;.vc_custom_1656940165015{padding-top: 20px !important;padding-right: 50px !important;padding-bottom: 0px !important;background-color: #ffffff !important;}&#8220;]Wir verwenden Cookies und \u00e4hnliche Technologien, um Ihnen personalisierte Inhalte zu bieten. In unserer Cookie-Richtlinie erl\u00e4utern wir, was ein Cookie ist, wie wir Cookies verwenden und welche Auswahl Sie bez\u00fcglich Cookies treffen k\u00f6nnen. Hier erfahren Sie auch, wie Sie die Verwendung von Cookies auf Ihrem Ger\u00e4t \u00e4ndern oder einschr\u00e4nken. Diese Richtlinie sollte gemeinsam mit unserer\u00a0<a href=\"https:\/\/www.softworks.com\/de\/datenschutz\/\">Datenschutzrichtlinie<\/a>\u00a0gelesen werden, die genauer erl\u00e4utert, wie wir personenbezogene Daten nutzen. Durch den Besuch unserer Website oder die Nutzung unserer Services stimmen Sie der Verwendung von Cookies zu.[\/vc_column_text][\/vc_column][\/vc_row][vc_row type=&#8220;in_container&#8220; full_screen_row_position=&#8220;middle&#8220; column_margin=&#8220;default&#8220; column_direction=&#8220;default&#8220; column_direction_tablet=&#8220;default&#8220; column_direction_phone=&#8220;default&#8220; scene_position=&#8220;center&#8220; bottom_padding=&#8220;4%&#8220; text_color=&#8220;dark&#8220; text_align=&#8220;left&#8220; row_border_radius=&#8220;none&#8220; row_border_radius_applies=&#8220;bg&#8220; overflow=&#8220;visible&#8220; advanced_gradient_angle=&#8220;0&#8243; overlay_strength=&#8220;0.3&#8243; gradient_direction=&#8220;left_to_right&#8220; shape_divider_position=&#8220;bottom&#8220; bg_image_animation=&#8220;none&#8220; css_animation=&#8220;&#8220; row_type=&#8220;row&#8220; use_row_as_full_screen_section=&#8220;no&#8220; angled_section=&#8220;no&#8220; background_image_as_pattern=&#8220;without_pattern&#8220; gradient_type=&#8220;default&#8220; shape_type=&#8220;&#8220;][vc_column column_padding=&#8220;no-extra-padding&#8220; column_padding_tablet=&#8220;inherit&#8220; column_padding_phone=&#8220;inherit&#8220; column_padding_position=&#8220;all&#8220; column_element_spacing=&#8220;default&#8220; background_color_opacity=&#8220;1&#8243; background_hover_color_opacity=&#8220;1&#8243; column_shadow=&#8220;none&#8220; column_border_radius=&#8220;none&#8220; column_link_target=&#8220;_self&#8220; column_position=&#8220;default&#8220; gradient_direction=&#8220;left_to_right&#8220; overlay_strength=&#8220;0.3&#8243; width=&#8220;1\/1&#8243; tablet_width_inherit=&#8220;default&#8220; tablet_text_alignment=&#8220;default&#8220; phone_text_alignment=&#8220;default&#8220; animation_type=&#8220;default&#8220; bg_image_animation=&#8220;none&#8220; border_type=&#8220;simple&#8220; column_border_width=&#8220;none&#8220; column_border_style=&#8220;solid&#8220;][vc_column_text css=&#8220;.vc_custom_1656940186934{padding-top: 20px !important;padding-right: 50px !important;padding-bottom: 0px !important;background-color: #ffffff !important;}&#8220;]\n<h4>Was sind Cookies?<\/h4>\n[\/vc_column_text][vc_column_text css=&#8220;.vc_custom_1656940200166{padding-top: 20px !important;padding-right: 50px !important;padding-bottom: 0px !important;background-color: #ffffff !important;}&#8220;]Ein Cookie ist eine kleine Datenmenge, die vom Server einer Website an den Browser auf Ihrem Computer oder Mobilger\u00e4t gesendet wird. Anhand von Cookies k\u00f6nnen wir Ihr Ger\u00e4t wiedererkennen, wenn Sie unsere Website besuchen und u. a. Ihre Benutzereinstellungen abrufen.[\/vc_column_text][vc_column_text css=&#8220;.vc_custom_1656940214456{padding-top: 20px !important;padding-right: 50px !important;padding-bottom: 0px !important;background-color: #ffffff !important;}&#8220;]\n<div class=\"wpb_text_column wpb_content_element vc_custom_1540548586925\">\n<div class=\"wpb_wrapper\">\n<h4>Warum verwenden wir Cookies?<\/h4>\n<\/div>\n<\/div>\n[\/vc_column_text][vc_column_text css=&#8220;.vc_custom_1656940232527{padding-top: 20px !important;padding-right: 50px !important;padding-bottom: 0px !important;background-color: #ffffff !important;}&#8220;]Wir verwenden Cookies f\u00fcr verschiedene rechtm\u00e4\u00dfige gesch\u00e4ftliche Zwecke, u. a.:<\/p>\n<ul>\n<li>Zum Betreiben unserer Website und Services<\/li>\n<li>F\u00fcr Website-Analysefunktionen und um den Website-Traffic zu messen<\/li>\n<li>Um Ihre Benutzererfahrung zu verbessern<\/li>\n<li>Um Ihnen einen individuelleren Service zu bieten<\/li>\n<li>Um Anmeldevorg\u00e4nge zu vereinfachen<\/li>\n<li>Um Ihre Nutzung unserer Website zu protokollieren, damit wir herausfinden k\u00f6nnen, welche Inhalte Sie n\u00fctzlich oder interessant finden<\/li>\n<li>Um sicherzustellen, dass Inhalte von unserer Website und von mobilen Anwendungen auf die bestm\u00f6gliche Weise f\u00fcr Sie und f\u00fcr Ihr Ger\u00e4t angezeigt werden<\/li>\n<\/ul>\n[\/vc_column_text][vc_column_text css=&#8220;.vc_custom_1656940256055{padding-top: 20px !important;padding-right: 50px !important;padding-bottom: 0px !important;background-color: #ffffff !important;}&#8220;]\n<h4>Welche Art von Cookies nutzen wir und warum?<\/h4>\n[\/vc_column_text][vc_column_text css=&#8220;.vc_custom_1656940269402{padding-top: 20px !important;padding-right: 50px !important;padding-bottom: 0px !important;background-color: #ffffff !important;}&#8220;]Wir verwenden f\u00fcr unsere Website und Services verschiedene Arten von Cookies, u. a. Folgende:[\/vc_column_text][vc_column_text css=&#8220;.vc_custom_1656940287762{padding-top: 20px !important;padding-right: 50px !important;padding-bottom: 0px !important;background-color: #ffffff !important;}&#8220;]\n<div class=\"wpb_text_column wpb_content_element vc_custom_1540548869832\">\n<div class=\"wpb_wrapper\">\n<h5>Absolut notwendige Cookies<\/h5>\n<\/div>\n<\/div>\n<div class=\"wpb_text_column wpb_content_element vc_custom_1540548828419\">\n<div class=\"wpb_wrapper\">\n<p>Wir verwenden Cookies, die f\u00fcr die Funktion unserer Website und Dienstleistungen absolut erforderlich sind. Ohne diese Cookies kann unsere Website nicht korrekt funktionieren. Wenn Sie alle Cookies deaktivieren, k\u00f6nnen Sie unsere Services nicht mehr nutzen.<\/p>\n<\/div>\n<\/div>\n<div class=\"wpb_text_column wpb_content_element vc_custom_1540549247702\">\n<div class=\"wpb_wrapper\">\n<h5>Funktionale Cookies<\/h5>\n<\/div>\n<\/div>\n<div class=\"wpb_text_column wpb_content_element vc_custom_1540549228418\">\n<div class=\"wpb_wrapper\">\n<p>Wir verwenden funktionale Cookies, um Ihre Nutzung unserer Website zu personalisieren und zu verbessern, damit Sie einfacher und schneller darauf navigieren k\u00f6nnen. Funktionale Cookies helfen uns dabei, Ihre Benutzereinstellungen abzurufen, Ihre Besuche zu personalisieren und Anmeldevorg\u00e4nge zu vereinfachen. Unsere Website fordert Sie m\u00f6glicherweise auf, sich anzumelden, um Zugriff auf manche Ihrer Inhalte zu erhalten, z. B. den Kundenbereich unserer Website. Ohne Cookies m\u00fcssten Sie Ihre Anmeldedaten bei jedem Besuch unserer Website eingeben oder zu einer neuen Seite navigieren, weil wir nicht erkennen k\u00f6nnen, dass Sie sich bereits angemeldet haben.<\/p>\n<\/div>\n<\/div>\n<div class=\"wpb_text_column wpb_content_element vc_custom_1540549045663\">\n<div class=\"wpb_wrapper\">\n<h5>Cookies zur Analyse<\/h5>\n<\/div>\n<\/div>\n<div class=\"wpb_text_column wpb_content_element vc_custom_1540549060737\">\n<div class=\"wpb_wrapper\">\n<p>Anhand von Cookies zur Analyse erfassen wir, wie die Besucher auf die Website gelangen, welche Inhalte sie lesen und wie sie mit unseren Services interagieren. Wir sammeln statistische Informationen zu unseren Besuchern, z. B. ob sie die Website und die angezeigten Seiten bereits besucht haben. Diese Cookies werden verwendet, um die Art der Inhalte und Services zu ermitteln, die unseren Besuchern am besten gefallen. Das wiederum hilft uns bei der Verbesserung unserer Website und ihrer Inhalte. Indem wir die f\u00fcr Sie n\u00fctzlichen und interessanten Inhalte ermitteln, k\u00f6nnen wir Ihnen weitere Inhalte vorstellen, die Ihnen m\u00f6glicherweise gefallen, und auch k\u00fcnftig optimale Inhalte f\u00fcr Ihre Anforderungen bieten.<\/p>\n<\/div>\n<\/div>\n<div class=\"wpb_text_column wpb_content_element vc_custom_1540549095604\">\n<div class=\"wpb_wrapper\">\n<h5>Cookies von Drittanbietern<\/h5>\n<\/div>\n<\/div>\n<div class=\"wpb_text_column wpb_content_element vc_custom_1540549152233\">\n<div class=\"wpb_wrapper\">\n<p>Einige der Cookies auf unserer Website werden von Drittanbietern bereitgestellt und stehen in keinem direkten Zusammenhang mit Softworks. Wenn Sie beispielsweise bei einem Account auf Social Media eingeloggt sind, erlauben die Schnittstellen auf unserer Website und in unseren Services, dass die Social-Media-Plattform Ihren Websitebesuch und Ihr Browsingverhalten mit den personenbezogenen Daten Ihres Social-Media-Accounts verkn\u00fcpft. Genau dazu werden Cookies von Drittanbietern verwendet.<\/p>\n<p>Bei der Nutzung unserer Services k\u00f6nnen wir Inhalte von Drittanbietern einbetten. Beispielsweise k\u00f6nnen wir Videos, Audioinhalte, Tweets und andere Inhalte in unsere Artikel und Seiten einbetten. Diese Drittanbieter k\u00f6nnen auf Ihrem Ger\u00e4t ihre eigenen Cookies setzen. Wir haben keine Kontrolle dar\u00fcber, welche Cookies Drittanbieter setzen oder wie die Cookie-Informationen verwendet werden. Diese Cookie-Informationen k\u00f6nnen nur von den Drittanbietern angesehen werden, die sie gesetzt haben. Diese Drittanbieter haben ihre eigenen Sicherheits-, Datenschutz- und Cookie-Richtlinien. Es ist ratsam, diese Richtlinien separat zu \u00fcberpr\u00fcfen.<\/p>\n<\/div>\n<\/div>\n[\/vc_column_text][\/vc_column][\/vc_row]\n","protected":false},"excerpt":{"rendered":"<p>[vc_row type=&#8220;full_width&#8220; full_screen_row_position=&#8220;middle&#8220; column_margin=&#8220;default&#8220; column_direction=&#8220;default&#8220; column_direction_tablet=&#8220;default&#8220; column_direction_phone=&#8220;default&#8220; scene_position=&#8220;center&#8220; text_color=&#8220;dark&#8220; text_align=&#8220;left&#8220; row_border_radius=&#8220;none&#8220; row_border_radius_applies=&#8220;bg&#8220; overflow=&#8220;visible&#8220; overlay_strength=&#8220;0.3&#8243; gradient_direction=&#8220;left_to_right&#8220; shape_divider_position=&#8220;bottom&#8220; bg_image_animation=&#8220;none&#8220; css_animation=&#8220;&#8220; row_type=&#8220;row&#8220; use_row_as_full_screen_section=&#8220;no&#8220;&#8230;<\/p>\n","protected":false},"author":3,"featured_media":0,"parent":0,"menu_order":0,"comment_status":"closed","ping_status":"closed","template":"","meta":{"content-type":"","om_disable_all_campaigns":false,"footnotes":""},"class_list":["post-1669","page","type-page","status-publish"],"_links":{"self":[{"href":"https:\/\/www.softworks.com\/de\/wp-json\/wp\/v2\/pages\/1669","targetHints":{"allow":["GET"]}}],"collection":[{"href":"https:\/\/www.softworks.com\/de\/wp-json\/wp\/v2\/pages"}],"about":[{"href":"https:\/\/www.softworks.com\/de\/wp-json\/wp\/v2\/types\/page"}],"author":[{"embeddable":true,"href":"https:\/\/www.softworks.com\/de\/wp-json\/wp\/v2\/users\/3"}],"replies":[{"embeddable":true,"href":"https:\/\/www.softworks.com\/de\/wp-json\/wp\/v2\/comments?post=1669"}],"version-history":[{"count":0,"href":"https:\/\/www.softworks.com\/de\/wp-json\/wp\/v2\/pages\/1669\/revisions"}],"wp:attachment":[{"href":"https:\/\/www.softworks.com\/de\/wp-json\/wp\/v2\/media?parent=1669"}],"curies":[{"name":"wp","href":"https:\/\/api.w.org\/{rel}","templated":true}]}}